{"id":8,"date":"2013-05-31T08:44:43","date_gmt":"2013-05-31T05:44:43","guid":{"rendered":"http:\/\/impreza.us-themes.net\/"},"modified":"2022-01-13T14:37:01","modified_gmt":"2022-01-13T11:37:01","slug":"sample-page-2","status":"publish","type":"page","link":"https:\/\/arkastrio.com\/en\/","title":{"rendered":"Home"},"content":{"rendered":"<section class=\"l-section wpb_row height_auto width_full with_img\"><div class=\"l-section-img\" style=\"background-image: url(https:\/\/arkastrio.com\/en\/wp-content\/uploads\/2019\/11\/2G2A0098.jpg);\" data-img-width=\"3290\" data-img-height=\"1270\"><\/div><div class=\"l-section-h i-cf\"><div class=\"g-cols offset_small\"><div class=\" full-width\"><div class=\"w-separator type_invisible size_huge thick_1 style_solid color_border cont_none\"><span class=\"w-separator-h\"><\/span><\/div><div class=\"w-separator type_invisible size_huge thick_1 style_solid color_border cont_none\"><span class=\"w-separator-h\"><\/span><\/div><div class=\"w-separator type_invisible size_huge thick_1 style_solid color_border cont_none\"><span class=\"w-separator-h\"><\/span><\/div><div class=\"w-separator type_invisible size_huge thick_1 style_solid color_border cont_none\"><span class=\"w-separator-h\"><\/span><\/div><div class=\"w-separator type_invisible size_huge thick_1 style_solid color_border cont_none\"><span class=\"w-separator-h\"><\/span><\/div><div class=\"w-separator type_invisible size_huge thick_1 style_solid color_border cont_none\"><span class=\"w-separator-h\"><\/span><\/div><div class=\"w-separator type_invisible size_huge thick_1 style_solid color_border cont_none\"><span class=\"w-separator-h\"><\/span><\/div><div class=\"w-separator type_invisible size_huge thick_1 style_solid color_border cont_none\"><span class=\"w-separator-h\"><\/span><\/div><div class=\"w-separator type_invisible size_huge thick_1 style_solid color_border cont_none\"><span class=\"w-separator-h\"><\/span><\/div><div class=\"w-separator type_invisible size_huge thick_1 style_solid color_border cont_none\"><span class=\"w-separator-h\"><\/span><\/div><div class=\"w-separator type_invisible size_huge thick_1 style_solid color_border cont_none\"><span class=\"w-separator-h\"><\/span><\/div><\/div><\/div><\/div><\/section><section class=\"l-section wpb_row height_medium\"><div class=\"l-section-h i-cf\"><div class=\"g-cols offset_small\"><div class=\" one-third\">[vc_empty_space]<div class=\"w-image \"><a href=\"http:\/\/en.arkastrio.com\/?page_id=6000\" title=\"\" target=\"\"><img width=\"640\" height=\"425\" src=\"https:\/\/arkastrio.com\/en\/wp-content\/uploads\/2019\/11\/ARK_2556.jpg\" class=\"attachment-full size-full\" alt=\"\" loading=\"lazy\" srcset=\"https:\/\/arkastrio.com\/en\/wp-content\/uploads\/2019\/11\/ARK_2556.jpg 640w, https:\/\/arkastrio.com\/en\/wp-content\/uploads\/2019\/11\/ARK_2556-300x199.jpg 300w, https:\/\/arkastrio.com\/en\/wp-content\/uploads\/2019\/11\/ARK_2556-600x398.jpg 600w\" sizes=\"(max-width: 640px) 100vw, 640px\" \/><\/a><\/div><div class=\"w-btn-wrapper align_center\"><a class=\"w-btn style_solid color_primary icon_atleft\" href=\"http:\/\/en.arkastrio.com\/?page_id=6000\" title=\"Programme\"><i class=\"fa fa-music\"><\/i><span class=\"w-btn-label\">CONCERTS<\/span><\/a><\/div><\/div><div class=\" one-third\">[vc_empty_space]<div class=\"w-image \"><a href=\"http:\/\/en.arkastrio.com\/?page_id=5836\" title=\"\" target=\"\"><img width=\"640\" height=\"425\" src=\"https:\/\/arkastrio.com\/en\/wp-content\/uploads\/2019\/11\/triohaber_28-1.jpg\" class=\"attachment-full size-full\" alt=\"\" loading=\"lazy\" srcset=\"https:\/\/arkastrio.com\/en\/wp-content\/uploads\/2019\/11\/triohaber_28-1.jpg 640w, https:\/\/arkastrio.com\/en\/wp-content\/uploads\/2019\/11\/triohaber_28-1-300x199.jpg 300w, https:\/\/arkastrio.com\/en\/wp-content\/uploads\/2019\/11\/triohaber_28-1-600x398.jpg 600w\" sizes=\"(max-width: 640px) 100vw, 640px\" \/><\/a><\/div><div class=\"w-btn-wrapper align_center\"><a class=\"w-btn style_solid color_primary icon_atleft\" href=\"https:\/\/medya.arkas.com.tr\/category\/arkas-trio\/\" target=\"_blank\"><i class=\"fa fa-rss\"><\/i><span class=\"w-btn-label\">PRESS<\/span><\/a><\/div><\/div><div class=\" one-third\">[vc_empty_space]<div class=\"w-image \"><a href=\"http:\/\/en.arkastrio.com\/?page_id=5897\" title=\"\" target=\"\"><img width=\"640\" height=\"425\" src=\"https:\/\/arkastrio.com\/en\/wp-content\/uploads\/2019\/11\/ARK1243-1.jpg\" class=\"attachment-full size-full\" alt=\"\" loading=\"lazy\" srcset=\"https:\/\/arkastrio.com\/en\/wp-content\/uploads\/2019\/11\/ARK1243-1.jpg 640w, https:\/\/arkastrio.com\/en\/wp-content\/uploads\/2019\/11\/ARK1243-1-300x199.jpg 300w, https:\/\/arkastrio.com\/en\/wp-content\/uploads\/2019\/11\/ARK1243-1-600x398.jpg 600w\" sizes=\"(max-width: 640px) 100vw, 640px\" \/><\/a><\/div><div class=\"w-btn-wrapper align_center\"><a class=\"w-btn style_solid color_primary icon_atleft\" href=\"http:\/\/en.arkastrio.com\/?page_id=5897\"><i class=\"fa fa-image\"><\/i><span class=\"w-btn-label\">GALLERY<\/span><\/a><\/div><\/div><\/div><\/div><\/section><section class=\"l-section wpb_row height_medium\"><div class=\"l-section-h i-cf\"><div class=\"g-cols offset_small\"><div class=\" full-width\"><div class=\"wpb_text_column \"><div class=\"wpb_wrapper\">\n<h3 style=\"text-align: center;\"><strong>RECENT NEWS<\/strong><\/h3>\n<\/div> <\/div> <div class=\"w-blog layout_cards cols_3 with_isotope\" itemscope=\"itemscope\" itemtype=\"https:\/\/schema.org\/Blog\"><div class=\"w-blog-list\">\r\n\r\n<article class=\"w-blog-post genel post-6664 post type-post status-publish format-standard has-post-thumbnail hentry category-genel\" data-id=\"6664\" data-categories=\"genel\">\r\n\t<div class=\"w-blog-post-h\">\r\n\t\t<a href=\"https:\/\/arkastrio.com\/en\/arkas-triodan-yeni-yilin-ilk-konserleri\/\">\r\n\t\t\t<div class=\"w-blog-post-preview\">\r\n\t\t\t\t<img width=\"600\" height=\"400\" src=\"https:\/\/arkastrio.com\/en\/wp-content\/uploads\/2022\/01\/Untitled-1_0007_2G2A0127-600x400.jpg\" class=\"attachment-tnail-masonry size-tnail-masonry wp-post-image\" alt=\"\" loading=\"lazy\" srcset=\"https:\/\/arkastrio.com\/en\/wp-content\/uploads\/2022\/01\/Untitled-1_0007_2G2A0127-600x400.jpg 600w, https:\/\/arkastrio.com\/en\/wp-content\/uploads\/2022\/01\/Untitled-1_0007_2G2A0127-300x200.jpg 300w, https:\/\/arkastrio.com\/en\/wp-content\/uploads\/2022\/01\/Untitled-1_0007_2G2A0127-1024x683.jpg 1024w, https:\/\/arkastrio.com\/en\/wp-content\/uploads\/2022\/01\/Untitled-1_0007_2G2A0127-768x512.jpg 768w, https:\/\/arkastrio.com\/en\/wp-content\/uploads\/2022\/01\/Untitled-1_0007_2G2A0127-1536x1024.jpg 1536w, https:\/\/arkastrio.com\/en\/wp-content\/uploads\/2022\/01\/Untitled-1_0007_2G2A0127.jpg 1920w\" sizes=\"(max-width: 600px) 100vw, 600px\" \/>\t\t\t\t<span class=\"w-blog-post-preview-icon\"><\/span>\r\n\t\t\t<\/div>\r\n\t\t<\/a>\r\n\t\t<div class=\"w-blog-post-body\">\r\n\t\t\t<h2 class=\"w-blog-post-title\">\r\n\t\t\t\t<a class=\"entry-title\" rel=\"bookmark\" href=\"https:\/\/arkastrio.com\/en\/arkas-triodan-yeni-yilin-ilk-konserleri\/\">Arkas Trio&#8217;dan Yeni Y\u0131l\u0131n \u0130lk Konserleri<\/a>\r\n\t\t\t<\/h2>\r\n\t\t\t<div class=\"w-blog-post-meta\">\r\n\t\t\t\t<time class=\"w-blog-post-meta-date date updated\">3 Ocak 2022<\/time><span class=\"w-blog-post-meta-author vcard author hidden\"><a href=\"https:\/\/arkastrio.com\/en\/author\/admin\/\" class=\"fn\">admin<\/a><\/span>\t\t\t<\/div>\r\n\t\t\t<div class=\"w-blog-post-content\">\r\n\t\t\t\tT\u00fcrkiye\u2019nin ilk kurumsal triosu Arkas Trio, 2 y\u0131l aradan sonra seyircisinin kar\u015f\u0131s\u0131na \u00e7\u0131kmaya haz\u0131rlan\u0131yor. Enstr\u00fcmanlar\u0131n\u0131 b\u00fcy\u00fck bir ustal\u0131kla konu\u015fturan sanat\u00e7\u0131lar\u0131m\u0131z, Hummel\u2019dan Beethoven\u2019a yorumlayacaklar\u0131 eserlerle, seyircilerine m\u00fczik \u015f\u00f6leni ya\u015fatacak. 3 Ocak...\t\t\t<\/div>\r\n\t\t<\/div>\r\n\t<\/div>\r\n<\/article>\r\n\r\n\r\n\r\n<article class=\"w-blog-post genel post-6661 post type-post status-publish format-standard has-post-thumbnail hentry category-genel\" data-id=\"6661\" data-categories=\"genel\">\r\n\t<div class=\"w-blog-post-h\">\r\n\t\t<a href=\"https:\/\/arkastrio.com\/en\/arkas-triodan-kis-konserleri\/\">\r\n\t\t\t<div class=\"w-blog-post-preview\">\r\n\t\t\t\t<img width=\"600\" height=\"400\" src=\"https:\/\/arkastrio.com\/en\/wp-content\/uploads\/2022\/01\/b-600x400.jpg\" class=\"attachment-tnail-masonry size-tnail-masonry wp-post-image\" alt=\"\" loading=\"lazy\" srcset=\"https:\/\/arkastrio.com\/en\/wp-content\/uploads\/2022\/01\/b-600x400.jpg 600w, https:\/\/arkastrio.com\/en\/wp-content\/uploads\/2022\/01\/b-300x200.jpg 300w, https:\/\/arkastrio.com\/en\/wp-content\/uploads\/2022\/01\/b-1024x683.jpg 1024w, https:\/\/arkastrio.com\/en\/wp-content\/uploads\/2022\/01\/b-768x512.jpg 768w, https:\/\/arkastrio.com\/en\/wp-content\/uploads\/2022\/01\/b-1536x1024.jpg 1536w, https:\/\/arkastrio.com\/en\/wp-content\/uploads\/2022\/01\/b.jpg 1920w\" sizes=\"(max-width: 600px) 100vw, 600px\" \/>\t\t\t\t<span class=\"w-blog-post-preview-icon\"><\/span>\r\n\t\t\t<\/div>\r\n\t\t<\/a>\r\n\t\t<div class=\"w-blog-post-body\">\r\n\t\t\t<h2 class=\"w-blog-post-title\">\r\n\t\t\t\t<a class=\"entry-title\" rel=\"bookmark\" href=\"https:\/\/arkastrio.com\/en\/arkas-triodan-kis-konserleri\/\">Arkas Trio&#8217;dan K\u0131\u015f Konserleri<\/a>\r\n\t\t\t<\/h2>\r\n\t\t\t<div class=\"w-blog-post-meta\">\r\n\t\t\t\t<time class=\"w-blog-post-meta-date date updated\">6 Nisan 2020<\/time><span class=\"w-blog-post-meta-author vcard author hidden\"><a href=\"https:\/\/arkastrio.com\/en\/author\/admin\/\" class=\"fn\">admin<\/a><\/span>\t\t\t<\/div>\r\n\t\t\t<div class=\"w-blog-post-content\">\r\n\t\t\t\tArkas Trio yeni y\u0131lda k\u0131\u015f konserleriyle i\u00e7inizi \u0131s\u0131tacak. \u0130lki E\u00c7EV yarar\u0131na 27 \u015fubatta Ahmed Adnan Saygun Sanat Merkezi\u2019nde ger\u00e7ekle\u015ftirilecek olan konser serisinin ikincisi ise AIMA yarar\u0131na 28 \u015fubatta Ayval\u0131k\u2019ta d\u00fczenlenecek....\t\t\t<\/div>\r\n\t\t<\/div>\r\n\t<\/div>\r\n<\/article>\r\n\r\n\r\n\r\n<article class=\"w-blog-post genel post-6653 post type-post status-publish format-standard has-post-thumbnail hentry category-genel\" data-id=\"6653\" data-categories=\"genel\">\r\n\t<div class=\"w-blog-post-h\">\r\n\t\t<a href=\"https:\/\/arkastrio.com\/en\/arkas-trio-yeni-yil-konserlerinde\/\">\r\n\t\t\t<div class=\"w-blog-post-preview\">\r\n\t\t\t\t<img width=\"600\" height=\"400\" src=\"https:\/\/arkastrio.com\/en\/wp-content\/uploads\/2022\/01\/a-600x400.jpg\" class=\"attachment-tnail-masonry size-tnail-masonry wp-post-image\" alt=\"\" loading=\"lazy\" srcset=\"https:\/\/arkastrio.com\/en\/wp-content\/uploads\/2022\/01\/a-600x400.jpg 600w, https:\/\/arkastrio.com\/en\/wp-content\/uploads\/2022\/01\/a-300x200.jpg 300w, https:\/\/arkastrio.com\/en\/wp-content\/uploads\/2022\/01\/a-1024x683.jpg 1024w, https:\/\/arkastrio.com\/en\/wp-content\/uploads\/2022\/01\/a-768x512.jpg 768w, https:\/\/arkastrio.com\/en\/wp-content\/uploads\/2022\/01\/a-1536x1024.jpg 1536w, https:\/\/arkastrio.com\/en\/wp-content\/uploads\/2022\/01\/a.jpg 1920w\" sizes=\"(max-width: 600px) 100vw, 600px\" \/>\t\t\t\t<span class=\"w-blog-post-preview-icon\"><\/span>\r\n\t\t\t<\/div>\r\n\t\t<\/a>\r\n\t\t<div class=\"w-blog-post-body\">\r\n\t\t\t<h2 class=\"w-blog-post-title\">\r\n\t\t\t\t<a class=\"entry-title\" rel=\"bookmark\" href=\"https:\/\/arkastrio.com\/en\/arkas-trio-yeni-yil-konserlerinde\/\">Arkas Trio Yeni Y\u0131l Konserlerinde&#8230;<\/a>\r\n\t\t\t<\/h2>\r\n\t\t\t<div class=\"w-blog-post-meta\">\r\n\t\t\t\t<time class=\"w-blog-post-meta-date date updated\">18 Aral\u0131k 2019<\/time><span class=\"w-blog-post-meta-author vcard author hidden\"><a href=\"https:\/\/arkastrio.com\/en\/author\/admin\/\" class=\"fn\">admin<\/a><\/span>\t\t\t<\/div>\r\n\t\t\t<div class=\"w-blog-post-content\">\r\n\t\t\t\tT\u00fcrkiye\u2019nin ilk kurumsal \u00fc\u00e7l\u00fcs\u00fc olan Arkas Trio, yeni y\u0131la girerken iki konserle m\u00fczikseverlerle bulu\u015ftu. Arkas Holding deste\u011fiyle Buca Belediyesi taraf\u0131ndan ilk kez organize edilen \u201cBuca Belediyesi Yeni Y\u0131l Konseri\u201d ile...\t\t\t<\/div>\r\n\t\t<\/div>\r\n\t<\/div>\r\n<\/article>\r\n\r\n<\/div><\/div><\/div><\/div><\/div><\/section><section class=\"l-section wpb_row height_auto width_full\"><div class=\"l-section-h i-cf\"><div class=\"g-cols offset_small\"><div class=\" full-width  vc_custom_1510816343462\"><div class=\"wpb_text_column \"><div class=\"wpb_wrapper\">\n<p style=\"text-align: center;\"><strong>SOCIAL MEDIA<\/strong><\/p>\n<\/div> <\/div> <div class=\"w-socials align_center style_desaturated index_1\" style=\"font-size: 20px;\"><div class=\"w-socials-list\"><div class=\"w-socials-item facebook\">\r\n\t\t\t\t<a class=\"w-socials-item-link\" target=\"_blank\" href=\"https:\/\/www.facebook.com\/arkastrio\/\">\r\n\t\t\t\t\t<span class=\"w-socials-item-link-hover\"><\/span>\r\n\t\t\t\t<\/a>\r\n\t\t\t\t<div class=\"w-socials-item-popup\">\r\n\t\t\t\t\t<span>Facebook<\/span>\r\n\t\t\t\t<\/div>\r\n\t\t\t<\/div><div class=\"w-socials-item youtube\">\r\n\t\t\t\t<a class=\"w-socials-item-link\" target=\"_blank\" href=\"https:\/\/www.youtube.com\/channel\/UCE20A8SnClpRJ5hxu4MKYQQ\">\r\n\t\t\t\t\t<span class=\"w-socials-item-link-hover\"><\/span>\r\n\t\t\t\t<\/a>\r\n\t\t\t\t<div class=\"w-socials-item-popup\">\r\n\t\t\t\t\t<span>YouTube<\/span>\r\n\t\t\t\t<\/div>\r\n\t\t\t<\/div><\/div><\/div><\/div><\/div><\/div><\/section>\n","protected":false},"excerpt":{"rendered":"T\u00fcrkiye\u2019nin ilk kurumsal \u00fc\u00e7l\u00fcs\u00fc olan Arkas Trio, yeni y\u0131la girerken iki konserle m\u00fczikseverlerle bulu\u015ftu. Arkas Holding deste\u011fiyle Buca Belediyesi taraf\u0131ndan ilk kez organize edilen \u201cBuca Belediyesi Yeni Y\u0131l Konseri\u201d ile...","protected":false},"author":1,"featured_media":0,"parent":0,"menu_order":0,"comment_status":"closed","ping_status":"closed","template":"","meta":[],"_links":{"self":[{"href":"https:\/\/arkastrio.com\/en\/wp-json\/wp\/v2\/pages\/8"}],"collection":[{"href":"https:\/\/arkastrio.com\/en\/wp-json\/wp\/v2\/pages"}],"about":[{"href":"https:\/\/arkastrio.com\/en\/wp-json\/wp\/v2\/types\/page"}],"author":[{"embeddable":true,"href":"https:\/\/arkastrio.com\/en\/wp-json\/wp\/v2\/users\/1"}],"replies":[{"embeddable":true,"href":"https:\/\/arkastrio.com\/en\/wp-json\/wp\/v2\/comments?post=8"}],"version-history":[{"count":230,"href":"https:\/\/arkastrio.com\/en\/wp-json\/wp\/v2\/pages\/8\/revisions"}],"predecessor-version":[{"id":6642,"href":"https:\/\/arkastrio.com\/en\/wp-json\/wp\/v2\/pages\/8\/revisions\/6642"}],"wp:attachment":[{"href":"https:\/\/arkastrio.com\/en\/wp-json\/wp\/v2\/media?parent=8"}],"curies":[{"name":"wp","href":"https:\/\/api.w.org\/{rel}","templated":true}]}}