{"id":6617,"date":"2020-01-17T10:28:27","date_gmt":"2020-01-17T07:28:27","guid":{"rendered":"http:\/\/en.arkastrio.com\/?page_id=6617"},"modified":"2020-01-17T15:09:09","modified_gmt":"2020-01-17T12:09:09","slug":"cd","status":"publish","type":"page","link":"https:\/\/arkastrio.com\/en\/cd\/","title":{"rendered":"CD"},"content":{"rendered":"<section class=\"l-section wpb_row height_medium color_primary with_img parallax_hor bgwidth_120 with_overlay\"><div class=\"l-section-img\" style=\"background-image: url(https:\/\/arkastrio.com\/en\/wp-content\/uploads\/2019\/11\/2G2A0098.jpg);\" data-img-width=\"3290\" data-img-height=\"1270\"><\/div><div class=\"l-section-overlay\" style=\"background-color: rgba(0,0,0,0.7)\"><\/div><div class=\"l-section-h i-cf\"><div class=\"g-cols offset_small\"><div class=\" full-width\"><div class=\"w-separator type_invisible size_huge thick_1 style_solid color_border cont_none\"><span class=\"w-separator-h\"><\/span><\/div><div class=\"wpb_text_column \"><div class=\"wpb_wrapper\">\n<h1 style=\"text-align: center;\"><strong>Arkas Trio CD<\/strong><\/h1>\n<\/div> <\/div> <div class=\"w-separator type_invisible size_huge thick_1 style_solid color_border cont_none\"><span class=\"w-separator-h\"><\/span><\/div><\/div><\/div><\/div><\/section><section class=\"l-section wpb_row height_medium\"><div class=\"l-section-h i-cf\"><div class=\"g-cols offset_small\"><div class=\" one-half\"><div class=\"w-slider\"><div class=\"royalSlider rsDefault\"><a class=\"rsImg\" data-rsw=\"1690\" data-rsh=\"1463\" href=\"https:\/\/arkastrio.com\/en\/wp-content\/uploads\/2020\/01\/Arkas-Trio_CD-kilif_on_y.jpg\"><\/a><a class=\"rsImg\" data-rsw=\"1690\" data-rsh=\"1465\" href=\"https:\/\/arkastrio.com\/en\/wp-content\/uploads\/2020\/01\/Arkas-Trio_CD-kilif_arka_y.jpg\"><\/a><\/div><div class=\"w-slider-json\" onclick='return {&quot;transitionSpeed&quot;:300,&quot;loopRewind&quot;:true,&quot;slidesSpacing&quot;:0,&quot;imageScalePadding&quot;:0,&quot;numImagesToPreload&quot;:2,&quot;arrowsNav&quot;:true,&quot;arrowsNavAutoHide&quot;:false,&quot;transitionType&quot;:&quot;move&quot;,&quot;controlNavigation&quot;:&quot;none&quot;,&quot;imageScaleMode&quot;:&quot;fit-if-smaller&quot;,&quot;autoScaleSlider&quot;:true,&quot;autoScaleSliderWidth&quot;:1690,&quot;autoScaleSliderHeight&quot;:1463,&quot;fitInViewport&quot;:false}'><\/div><\/div><\/div><div class=\" one-half\"><div class=\"w-separator type_invisible size_large thick_1 style_solid color_border cont_none\"><span class=\"w-separator-h\"><\/span><\/div><div class=\"wpb_text_column \"><div class=\"wpb_wrapper\">\n<p style=\"text-align: center;\">Turkey&#8217;s first corporate trio, Arkas Trio&#8217;s music can be found on Spotify and iTunes.<\/p>\n<p style=\"text-align: center;\">Arkas Trio consists of Tuncay Y\u0131lmaz (violin), Gustav Rivinius (cello) and Emre Elivar (piano). This 2 CD recording was recorded in 2016 and 2017 at \u0130zmir Ahmed Saygun Art Center.<\/p>\n<\/div> <\/div> <div class=\"g-cols wpb_row offset_small vc_inner \"><div class=\" one-half\"><div class=\"w-image  align_center\"><a href=\"https:\/\/open.spotify.com\/artist\/2TI2qTfj7YaubjbiQDRWwA?si=Vt8lmXHeRze4XOA4nNSmDQ\" title=\"\" target=\"\"><img width=\"200\" height=\"67\" src=\"https:\/\/arkastrio.com\/en\/wp-content\/uploads\/2020\/01\/itunes-logo-2018-png-2_0000_listen-on-spotify-logo-4-1.jpg\" class=\"attachment-medium size-medium\" alt=\"\" loading=\"lazy\" \/><\/a><\/div><\/div><div class=\" one-half\"><div class=\"w-image  align_center\"><a href=\"https:\/\/itunes.apple.com\/tr\/album\/romantik-%C3%BC%C3%A7l%C3%BCler\/1386003639?l=tr\" title=\"\" target=\"\"><img width=\"200\" height=\"67\" src=\"https:\/\/arkastrio.com\/en\/wp-content\/uploads\/2020\/01\/itunes-logo-2018-png-2_0001_Layer-1-1.jpg\" class=\"attachment-medium size-medium\" alt=\"\" loading=\"lazy\" \/><\/a><\/div><\/div><\/div><\/div><\/div><\/div><\/section><section class=\"l-section wpb_row height_medium\"><div class=\"l-section-h i-cf\"><div class=\"g-cols offset_small\"><div class=\" full-width\"><div class=\"g-cols wpb_row offset_small vc_inner \"><div class=\" one-half\"><div class=\"wpb_text_column \"><div class=\"wpb_wrapper\"><strong>CD 1 <\/strong><br \/>\nJOAQUfN TURINA (1882-1949)<br \/>\nPiyanolu \u00dc\u00e7l\u00fc No. 2, Si min\u00f6r, Op. 76 (1933)<br \/>\n<em>Piano D&#8217;io No. 2 in B minor, Op.76 <\/em><\/p>\n<p><strong>1<\/strong> I. Lento &#8211; Allegro molto moderato 6:26<br \/>\n<strong>2<\/strong> II. Molto vivace 2:48<br \/>\n<strong>3<\/strong> III. Lento &#8211; Andante mosso &#8211; Allegretto Universal Music Publishing nirkey 5:22<\/p>\n<p>CAMILLE SAINT-SAENS (1835-1921)<br \/>\nPiyanolu \u00dc\u00e7l\u00fc No. 2, Mi min\u00f6r, Op. 92 (1892)<br \/>\n<em>Piano Trio No. 2 in E mino\u2022, Op. 92 <\/em><\/p>\n<p><strong>4<\/strong> I. Allegro non troppo 11:37<br \/>\n<strong>5<\/strong> Il. Allegretto 6:29<br \/>\n<strong>6<\/strong> III. Andante con moto 4:18<br \/>\n<strong>7<\/strong> N. Grazioso, poco allegro 4:34<br \/>\n<strong>8<\/strong> V. Allegro 7:56<\/p>\n<p>ASTOR PIAZZOLLA (1921-1992)<\/p>\n<p><strong>9<\/strong> Oblivion (1982)<\/p>\n<p>(D\u00fcz. \/ <em>Ar:<\/em> Jose Bragato) 4:06<br \/>\nEdit\u00f6r \/ <em>Publisher:<\/em> A Pagani Ediz Mus SRL\/Kassner Associated Publishers.<br \/>\nAlt Edit\u00f6r \/ <em>Sub-publisher:<\/em> Median M\u00fczik Edisyon<\/p>\n<p>Toplam s\u00fcre \/ <em>Total time<\/em>: 53:54<\/div> <\/div> <\/div><div class=\" one-half\"><div class=\"wpb_text_column \"><div class=\"wpb_wrapper\"><strong>CD 2<\/strong><br \/>\nFELLX MENDELSSOHN (1809-1847)<br \/>\nPiyanolu \u00dc\u00e7l\u00fc No. 1, Re min\u00f6r, Op. 49 (1839)<br \/>\n<em>Piano Trio No. 1 in D minor, Op. 49<\/em><\/p>\n<p><strong>1<\/strong> I. Molto allegro agitato 9:54<br \/>\n<strong>2<\/strong> II. Andante con moto tranquillo 6:26<br \/>\n<strong>3<\/strong> III. Scherzo. Leggiero e vivace 3:38<br \/>\n<strong>4<\/strong> IV. Finale. Allegro assai appassionato 8:21<\/p>\n<p>JOHANNES BRAHMS (1833-1897)<br \/>\nPiyanolu \u00dc\u00e7l\u00fc No. 1, Si maj\u00f6r, Op. 8 (1889)<br \/>\n<em>Piano Trio No. 1 in B major, Op. 8<\/em><\/p>\n<p><strong>5<\/strong> I. Allegro con moto 10:36<br \/>\n<strong>6<\/strong> II. Scherzo. Allegro molto 6:47<br \/>\n<strong>7<\/strong> III. Adagio 7:33<br \/>\n<strong>8<\/strong> IV. Finale. Allegro 6:40<\/p>\n<p>Toplam s\u00fcre \/ <em>Total time:<\/em> 60:10<\/div> <\/div> <\/div><\/div><\/div><\/div><\/div><\/section><section class=\"l-section wpb_row height_medium\"><div class=\"l-section-h i-cf\"><div class=\"g-cols offset_small\"><div class=\" full-width\"><div class=\"w-separator type_invisible size_huge thick_1 style_solid color_border cont_none\"><span class=\"w-separator-h\"><\/span><\/div><div class=\"wpb_text_column \"><div class=\"wpb_wrapper\">\n<p style=\"text-align: center;\"><strong>SOSYAL MEDYADA B\u0130Z<\/strong><\/p>\n<\/div> <\/div> <div class=\"w-socials align_center style_desaturated index_1\" style=\"font-size: 20px;\"><div class=\"w-socials-list\"><div class=\"w-socials-item facebook\">\r\n\t\t\t\t<a class=\"w-socials-item-link\" target=\"_blank\" href=\"https:\/\/www.facebook.com\/arkastrio\/\">\r\n\t\t\t\t\t<span class=\"w-socials-item-link-hover\"><\/span>\r\n\t\t\t\t<\/a>\r\n\t\t\t\t<div class=\"w-socials-item-popup\">\r\n\t\t\t\t\t<span>Facebook<\/span>\r\n\t\t\t\t<\/div>\r\n\t\t\t<\/div><div class=\"w-socials-item youtube\">\r\n\t\t\t\t<a class=\"w-socials-item-link\" target=\"_blank\" href=\"https:\/\/www.youtube.com\/channel\/UCE20A8SnClpRJ5hxu4MKYQQ\">\r\n\t\t\t\t\t<span class=\"w-socials-item-link-hover\"><\/span>\r\n\t\t\t\t<\/a>\r\n\t\t\t\t<div class=\"w-socials-item-popup\">\r\n\t\t\t\t\t<span>YouTube<\/span>\r\n\t\t\t\t<\/div>\r\n\t\t\t<\/div><\/div><\/div><\/div><\/div><\/div><\/section>\n","protected":false},"excerpt":{"rendered":"Arkas Trio CD Turkey's first corporate trio, Arkas Trio's music can be found on Spotify and iTunes. Arkas Trio consists of Tuncay Y\u0131lmaz (violin), Gustav Rivinius (cello) and Emre Elivar...","protected":false},"author":1,"featured_media":0,"parent":0,"menu_order":0,"comment_status":"closed","ping_status":"closed","template":"","meta":[],"_links":{"self":[{"href":"https:\/\/arkastrio.com\/en\/wp-json\/wp\/v2\/pages\/6617"}],"collection":[{"href":"https:\/\/arkastrio.com\/en\/wp-json\/wp\/v2\/pages"}],"about":[{"href":"https:\/\/arkastrio.com\/en\/wp-json\/wp\/v2\/types\/page"}],"author":[{"embeddable":true,"href":"https:\/\/arkastrio.com\/en\/wp-json\/wp\/v2\/users\/1"}],"replies":[{"embeddable":true,"href":"https:\/\/arkastrio.com\/en\/wp-json\/wp\/v2\/comments?post=6617"}],"version-history":[{"count":4,"href":"https:\/\/arkastrio.com\/en\/wp-json\/wp\/v2\/pages\/6617\/revisions"}],"predecessor-version":[{"id":6633,"href":"https:\/\/arkastrio.com\/en\/wp-json\/wp\/v2\/pages\/6617\/revisions\/6633"}],"wp:attachment":[{"href":"https:\/\/arkastrio.com\/en\/wp-json\/wp\/v2\/media?parent=6617"}],"curies":[{"name":"wp","href":"https:\/\/api.w.org\/{rel}","templated":true}]}}