{"id":6465,"date":"2019-11-08T15:19:39","date_gmt":"2019-11-08T12:19:39","guid":{"rendered":"http:\/\/arkas.us\/amtst\/?page_id=6465"},"modified":"2020-01-17T11:20:33","modified_gmt":"2020-01-17T08:20:33","slug":"video-gallery","status":"publish","type":"page","link":"https:\/\/arkastrio.com\/en\/video-gallery\/","title":{"rendered":"Video Gallery"},"content":{"rendered":"<section class=\"l-section wpb_row height_medium color_primary with_img parallax_hor bgwidth_120 with_overlay\"><div class=\"l-section-img\" style=\"background-image: url(https:\/\/arkastrio.com\/en\/wp-content\/uploads\/2019\/11\/2G2A0098.jpg);\" data-img-width=\"3290\" data-img-height=\"1270\"><\/div><div class=\"l-section-overlay\" style=\"background-color: rgba(0,0,0,0.7)\"><\/div><div class=\"l-section-h i-cf\"><div class=\"g-cols offset_small\"><div class=\" full-width\"><div class=\"w-separator type_invisible size_huge thick_1 style_solid color_border cont_none\"><span class=\"w-separator-h\"><\/span><\/div><div class=\"wpb_text_column \"><div class=\"wpb_wrapper\">\n<h1 style=\"text-align: center;\"><strong>VIDEO GALLERY<\/strong><\/h1>\n<\/div> <\/div> <div class=\"w-separator type_invisible size_huge thick_1 style_solid color_border cont_none\"><span class=\"w-separator-h\"><\/span><\/div><\/div><\/div><\/div><\/section><section class=\"l-section wpb_row height_medium\"><div class=\"l-section-h i-cf\"><div class=\"g-cols offset_small\"><div class=\" full-width\"><div class=\"g-cols wpb_row offset_small vc_inner \"><div class=\" one-half\"><div class=\"w-video ratio_16x9\"><div class=\"w-video-h\"><iframe title=\"Arkas Trio - Santa Maria Konserleri (2017)\" width=\"1500\" height=\"844\" src=\"https:\/\/www.youtube.com\/embed\/H8TRti69InY?feature=oembed\" frameborder=\"0\" allow=\"accelerometer; autoplay; encrypted-media; gyroscope; picture-in-picture\" allowfullscreen><\/iframe><\/div><\/div>[vc_empty_space]<div class=\"w-video ratio_16x9\"><div class=\"w-video-h\"><iframe title=\"Arkas Trio &amp; \u0130ZDSO Efes Antik Kenti Konseri\" width=\"1500\" height=\"844\" src=\"https:\/\/www.youtube.com\/embed\/Ll_PcVOeaXQ?feature=oembed\" frameborder=\"0\" allow=\"accelerometer; autoplay; encrypted-media; gyroscope; picture-in-picture\" allowfullscreen><\/iframe><\/div><\/div>[vc_empty_space]<div class=\"w-video ratio_16x9\"><div class=\"w-video-h\"><iframe title=\"Arkas Trio - Piri Reis Konseri 2016 Part 1\" width=\"1500\" height=\"844\" src=\"https:\/\/www.youtube.com\/embed\/xaWorQQC_gg?feature=oembed\" frameborder=\"0\" allow=\"accelerometer; autoplay; encrypted-media; gyroscope; picture-in-picture\" allowfullscreen><\/iframe><\/div><\/div>[vc_empty_space]<div class=\"w-video ratio_16x9\"><div class=\"w-video-h\"><iframe title=\"Arkas Trio - 41. \u0130stanbul M\u00fczik Festivali Part 1\" width=\"1500\" height=\"844\" src=\"https:\/\/www.youtube.com\/embed\/3dPfWlAdnjU?feature=oembed\" frameborder=\"0\" allow=\"accelerometer; autoplay; encrypted-media; gyroscope; picture-in-picture\" allowfullscreen><\/iframe><\/div><\/div>[vc_empty_space]<div class=\"w-video ratio_16x9\"><div class=\"w-video-h\"><iframe title=\"Arkas Trio - 41. \u0130stanbul M\u00fczik Festivali Part 3\" width=\"1500\" height=\"844\" src=\"https:\/\/www.youtube.com\/embed\/-ItpwKNfSpc?feature=oembed\" frameborder=\"0\" allow=\"accelerometer; autoplay; encrypted-media; gyroscope; picture-in-picture\" allowfullscreen><\/iframe><\/div><\/div>[vc_empty_space]<div class=\"w-video ratio_16x9\"><div class=\"w-video-h\"><iframe title=\"Arkas Trio - 41. \u0130stanbul M\u00fczik Festivali Part 5\" width=\"1500\" height=\"844\" src=\"https:\/\/www.youtube.com\/embed\/04yrpfMcIGg?feature=oembed\" frameborder=\"0\" allow=\"accelerometer; autoplay; encrypted-media; gyroscope; picture-in-picture\" allowfullscreen><\/iframe><\/div><\/div>[vc_empty_space]<div class=\"w-video ratio_16x9\"><div class=\"w-video-h\"><iframe title=\"Arkas Trio - Mersin Uluslararas\u0131 M\u00fczik Festivali Part 2\" width=\"1333\" height=\"1000\" src=\"https:\/\/www.youtube.com\/embed\/ioOR-5cfI7g?feature=oembed\" frameborder=\"0\" allow=\"accelerometer; autoplay; encrypted-media; gyroscope; picture-in-picture\" allowfullscreen><\/iframe><\/div><\/div>[vc_empty_space]<div class=\"w-video ratio_16x9\"><div class=\"w-video-h\"><iframe title=\"Arkas Trio - Astor Piazzolla \/ Oblivion\" width=\"1500\" height=\"844\" src=\"https:\/\/www.youtube.com\/embed\/SziQ8Jz3l3Q?feature=oembed\" frameborder=\"0\" allow=\"accelerometer; autoplay; encrypted-media; gyroscope; picture-in-picture\" allowfullscreen><\/iframe><\/div><\/div>[vc_empty_space]<div class=\"w-video ratio_16x9\"><div class=\"w-video-h\"><iframe width=\"420\" height=\"315\" src=\"\/\/www.youtube.com\/embed\/1TM8CBLSJKQ\" allowfullscreen><\/iframe><\/div><\/div>[vc_empty_space]<div class=\"w-video ratio_16x9\"><div class=\"w-video-h\"><iframe width=\"420\" height=\"315\" src=\"\/\/www.youtube.com\/embed\/P3dKlsFeO4U\" allowfullscreen><\/iframe><\/div><\/div>[vc_empty_space]<div class=\"w-video ratio_16x9\"><div class=\"w-video-h\"><iframe width=\"420\" height=\"315\" src=\"\/\/www.youtube.com\/embed\/GQwBv-rP31M\" allowfullscreen><\/iframe><\/div><\/div>[vc_empty_space]<div class=\"w-video ratio_16x9\"><div class=\"w-video-h\"><iframe width=\"420\" height=\"315\" src=\"\/\/www.youtube.com\/embed\/TC17s8F9Yug\" allowfullscreen><\/iframe><\/div><\/div>[vc_empty_space]<div class=\"w-video ratio_16x9\"><div class=\"w-video-h\"><iframe width=\"420\" height=\"315\" src=\"\/\/www.youtube.com\/embed\/Kov1tnPPFTo\" allowfullscreen><\/iframe><\/div><\/div>[vc_empty_space]<div class=\"w-video ratio_16x9\"><div class=\"w-video-h\"><iframe width=\"420\" height=\"315\" src=\"\/\/www.youtube.com\/embed\/P9S6sKnMubw\" allowfullscreen><\/iframe><\/div><\/div><\/div><div class=\" one-half\"><div class=\"w-video ratio_16x9\"><div class=\"w-video-h\"><iframe title=\"Arkas Trio - Santa Maria Konseri - Highlight\" width=\"1500\" height=\"844\" src=\"https:\/\/www.youtube.com\/embed\/-7ODO7cPQEM?feature=oembed\" frameborder=\"0\" allow=\"accelerometer; autoplay; encrypted-media; gyroscope; picture-in-picture\" allowfullscreen><\/iframe><\/div><\/div>[vc_empty_space]<div class=\"w-video ratio_16x9\"><div class=\"w-video-h\"><iframe title=\"TV 35 R\u00f6portaj\u0131 - Tuncay Y\u0131lmaz\" width=\"1500\" height=\"844\" src=\"https:\/\/www.youtube.com\/embed\/kp2pvEUY6To?feature=oembed\" frameborder=\"0\" allow=\"accelerometer; autoplay; encrypted-media; gyroscope; picture-in-picture\" allowfullscreen><\/iframe><\/div><\/div>[vc_empty_space]<div class=\"w-video ratio_16x9\"><div class=\"w-video-h\"><iframe title=\"Arkas Trio - Piri Reis Konseri 2016 Part 2\" width=\"1500\" height=\"844\" src=\"https:\/\/www.youtube.com\/embed\/6eXY1t0g5Wk?feature=oembed\" frameborder=\"0\" allow=\"accelerometer; autoplay; encrypted-media; gyroscope; picture-in-picture\" allowfullscreen><\/iframe><\/div><\/div>[vc_empty_space]<div class=\"w-video ratio_16x9\"><div class=\"w-video-h\"><iframe title=\"Arkas Trio - 41. \u0130stanbul M\u00fczik Festivali Part 2\" width=\"1500\" height=\"844\" src=\"https:\/\/www.youtube.com\/embed\/WMSVQArYVyE?feature=oembed\" frameborder=\"0\" allow=\"accelerometer; autoplay; encrypted-media; gyroscope; picture-in-picture\" allowfullscreen><\/iframe><\/div><\/div>[vc_empty_space]<div class=\"w-video ratio_16x9\"><div class=\"w-video-h\"><iframe title=\"Arkas Trio - 41. \u0130stanbul M\u00fczik Festivali Part 4\" width=\"1500\" height=\"844\" src=\"https:\/\/www.youtube.com\/embed\/NOJCBcEMCHc?feature=oembed\" frameborder=\"0\" allow=\"accelerometer; autoplay; encrypted-media; gyroscope; picture-in-picture\" allowfullscreen><\/iframe><\/div><\/div>[vc_empty_space]<div class=\"w-video ratio_16x9\"><div class=\"w-video-h\"><iframe title=\"Arkas Trio - Mersin Uluslararas\u0131 M\u00fczik Festivali Part 1\" width=\"1333\" height=\"1000\" src=\"https:\/\/www.youtube.com\/embed\/eynxJ9vXV9M?feature=oembed\" frameborder=\"0\" allow=\"accelerometer; autoplay; encrypted-media; gyroscope; picture-in-picture\" allowfullscreen><\/iframe><\/div><\/div>[vc_empty_space]<div class=\"w-video ratio_16x9\"><div class=\"w-video-h\"><iframe title=\"Arkas Trio - Mersin Uluslararas\u0131 M\u00fczik Festivali Part 3\" width=\"1333\" height=\"1000\" src=\"https:\/\/www.youtube.com\/embed\/rLLdG2BIy_g?feature=oembed\" frameborder=\"0\" allow=\"accelerometer; autoplay; encrypted-media; gyroscope; picture-in-picture\" allowfullscreen><\/iframe><\/div><\/div>[vc_empty_space]<div class=\"w-video ratio_16x9\"><div class=\"w-video-h\"><iframe width=\"420\" height=\"315\" src=\"\/\/www.youtube.com\/embed\/OXqxEg4niXw\" allowfullscreen><\/iframe><\/div><\/div>[vc_empty_space]<div class=\"w-video ratio_16x9\"><div class=\"w-video-h\"><iframe width=\"420\" height=\"315\" src=\"\/\/www.youtube.com\/embed\/x2e8cj2Dc-E\" allowfullscreen><\/iframe><\/div><\/div>[vc_empty_space]<div class=\"w-video ratio_16x9\"><div class=\"w-video-h\"><iframe width=\"420\" height=\"315\" src=\"\/\/www.youtube.com\/embed\/ONdBO-q_zlU\" allowfullscreen><\/iframe><\/div><\/div>[vc_empty_space]<div class=\"w-video ratio_16x9\"><div class=\"w-video-h\"><iframe width=\"420\" height=\"315\" src=\"\/\/www.youtube.com\/embed\/ZGaDGKqlQIc\" allowfullscreen><\/iframe><\/div><\/div>[vc_empty_space]<div class=\"w-video ratio_16x9\"><div class=\"w-video-h\"><iframe width=\"420\" height=\"315\" src=\"\/\/www.youtube.com\/embed\/63pl2qSlVUc\" allowfullscreen><\/iframe><\/div><\/div>[vc_empty_space]<div class=\"w-video ratio_16x9\"><div class=\"w-video-h\"><iframe width=\"420\" height=\"315\" src=\"\/\/www.youtube.com\/embed\/EtPqpLmB6k8\" allowfullscreen><\/iframe><\/div><\/div><\/div><\/div><\/div><\/div><\/div><\/section><section class=\"l-section wpb_row height_medium\"><div class=\"l-section-h i-cf\"><div class=\"g-cols offset_small\"><div class=\" full-width\"><div class=\"wpb_text_column \"><div class=\"wpb_wrapper\">\n<p style=\"text-align: center;\"><strong>SOCIAL MEDIA<\/strong><\/p>\n<\/div> <\/div> <div class=\"w-socials align_center style_desaturated index_1\" style=\"font-size: 20px;\"><div class=\"w-socials-list\"><div class=\"w-socials-item facebook\">\r\n\t\t\t\t<a class=\"w-socials-item-link\" target=\"_blank\" href=\"https:\/\/www.facebook.com\/arkastrio\/\">\r\n\t\t\t\t\t<span class=\"w-socials-item-link-hover\"><\/span>\r\n\t\t\t\t<\/a>\r\n\t\t\t\t<div class=\"w-socials-item-popup\">\r\n\t\t\t\t\t<span>Facebook<\/span>\r\n\t\t\t\t<\/div>\r\n\t\t\t<\/div><div class=\"w-socials-item youtube\">\r\n\t\t\t\t<a class=\"w-socials-item-link\" target=\"_blank\" href=\"https:\/\/www.youtube.com\/channel\/UCE20A8SnClpRJ5hxu4MKYQQ\">\r\n\t\t\t\t\t<span class=\"w-socials-item-link-hover\"><\/span>\r\n\t\t\t\t<\/a>\r\n\t\t\t\t<div class=\"w-socials-item-popup\">\r\n\t\t\t\t\t<span>YouTube<\/span>\r\n\t\t\t\t<\/div>\r\n\t\t\t<\/div><\/div><\/div><\/div><\/div><\/div><\/section>\n","protected":false},"excerpt":{"rendered":"VIDEO GALLERY [vc_empty_space][vc_empty_space][vc_empty_space][vc_empty_space][vc_empty_space][vc_empty_space][vc_empty_space][vc_empty_space][vc_empty_space][vc_empty_space][vc_empty_space][vc_empty_space][vc_empty_space][vc_empty_space][vc_empty_space][vc_empty_space][vc_empty_space][vc_empty_space][vc_empty_space][vc_empty_space][vc_empty_space][vc_empty_space][vc_empty_space][vc_empty_space][vc_empty_space]SOCIAL MEDIA Facebook YouTube","protected":false},"author":1,"featured_media":0,"parent":0,"menu_order":0,"comment_status":"closed","ping_status":"closed","template":"","meta":[],"_links":{"self":[{"href":"https:\/\/arkastrio.com\/en\/wp-json\/wp\/v2\/pages\/6465"}],"collection":[{"href":"https:\/\/arkastrio.com\/en\/wp-json\/wp\/v2\/pages"}],"about":[{"href":"https:\/\/arkastrio.com\/en\/wp-json\/wp\/v2\/types\/page"}],"author":[{"embeddable":true,"href":"https:\/\/arkastrio.com\/en\/wp-json\/wp\/v2\/users\/1"}],"replies":[{"embeddable":true,"href":"https:\/\/arkastrio.com\/en\/wp-json\/wp\/v2\/comments?post=6465"}],"version-history":[{"count":6,"href":"https:\/\/arkastrio.com\/en\/wp-json\/wp\/v2\/pages\/6465\/revisions"}],"predecessor-version":[{"id":6623,"href":"https:\/\/arkastrio.com\/en\/wp-json\/wp\/v2\/pages\/6465\/revisions\/6623"}],"wp:attachment":[{"href":"https:\/\/arkastrio.com\/en\/wp-json\/wp\/v2\/media?parent=6465"}],"curies":[{"name":"wp","href":"https:\/\/api.w.org\/{rel}","templated":true}]}}