{"id":6000,"date":"2018-01-31T14:04:56","date_gmt":"2018-01-31T12:04:56","guid":{"rendered":"http:\/\/arkasmatsailingteam.com\/demo\/?page_id=6000"},"modified":"2020-01-17T09:44:35","modified_gmt":"2020-01-17T06:44:35","slug":"concerts","status":"publish","type":"page","link":"https:\/\/arkastrio.com\/en\/concerts\/","title":{"rendered":"Concerts"},"content":{"rendered":"<section class=\"l-section wpb_row height_medium color_primary with_img parallax_hor bgwidth_120 with_overlay\"><div class=\"l-section-img\" style=\"background-image: url(https:\/\/arkastrio.com\/en\/wp-content\/uploads\/2019\/11\/2G2A0098.jpg);\" data-img-width=\"3290\" data-img-height=\"1270\"><\/div><div class=\"l-section-overlay\" style=\"background-color: rgba(0,0,0,0.7)\"><\/div><div class=\"l-section-h i-cf\"><div class=\"g-cols offset_small\"><div class=\" full-width\"><div class=\"w-separator type_invisible size_huge thick_1 style_solid color_border cont_none\"><span class=\"w-separator-h\"><\/span><\/div><div class=\"wpb_text_column \"><div class=\"wpb_wrapper\">\n<h1 style=\"text-align: center;\"><strong>CONCERTS<\/strong><\/h1>\n<\/div> <\/div> <div class=\"w-separator type_invisible size_huge thick_1 style_solid color_border cont_none\"><span class=\"w-separator-h\"><\/span><\/div><\/div><\/div><\/div><\/section><section class=\"l-section wpb_row height_medium\"><div class=\"l-section-h i-cf\"><div class=\"g-cols offset_small\"><div class=\" full-width\"><div class=\"w-blog layout_classic cols_3\" itemscope=\"itemscope\" itemtype=\"https:\/\/schema.org\/Blog\"><div class=\"w-blog-list\">\r\n\r\n<article class=\"w-blog-post genel post-6664 post type-post status-publish format-standard has-post-thumbnail hentry category-genel\" data-id=\"6664\" data-categories=\"genel\">\r\n\t<div class=\"w-blog-post-h\">\r\n\t\t<a href=\"https:\/\/arkastrio.com\/en\/arkas-triodan-yeni-yilin-ilk-konserleri\/\">\r\n\t\t\t<div class=\"w-blog-post-preview\">\r\n\t\t\t\t<img width=\"600\" height=\"400\" src=\"https:\/\/arkastrio.com\/en\/wp-content\/uploads\/2022\/01\/Untitled-1_0007_2G2A0127-600x400.jpg\" class=\"attachment-tnail-3x2 size-tnail-3x2 wp-post-image\" alt=\"\" loading=\"lazy\" srcset=\"https:\/\/arkastrio.com\/en\/wp-content\/uploads\/2022\/01\/Untitled-1_0007_2G2A0127-600x400.jpg 600w, https:\/\/arkastrio.com\/en\/wp-content\/uploads\/2022\/01\/Untitled-1_0007_2G2A0127-300x200.jpg 300w, https:\/\/arkastrio.com\/en\/wp-content\/uploads\/2022\/01\/Untitled-1_0007_2G2A0127-1024x683.jpg 1024w, https:\/\/arkastrio.com\/en\/wp-content\/uploads\/2022\/01\/Untitled-1_0007_2G2A0127-768x512.jpg 768w, https:\/\/arkastrio.com\/en\/wp-content\/uploads\/2022\/01\/Untitled-1_0007_2G2A0127-1536x1024.jpg 1536w, https:\/\/arkastrio.com\/en\/wp-content\/uploads\/2022\/01\/Untitled-1_0007_2G2A0127.jpg 1920w\" sizes=\"(max-width: 600px) 100vw, 600px\" \/>\t\t\t\t<span class=\"w-blog-post-preview-icon\"><\/span>\r\n\t\t\t<\/div>\r\n\t\t<\/a>\r\n\t\t<div class=\"w-blog-post-body\">\r\n\t\t\t<h2 class=\"w-blog-post-title\">\r\n\t\t\t\t<a class=\"entry-title\" rel=\"bookmark\" href=\"https:\/\/arkastrio.com\/en\/arkas-triodan-yeni-yilin-ilk-konserleri\/\">Arkas Trio&#8217;dan Yeni Y\u0131l\u0131n \u0130lk Konserleri<\/a>\r\n\t\t\t<\/h2>\r\n\t\t\t<div class=\"w-blog-post-meta\">\r\n\t\t\t\t<time class=\"w-blog-post-meta-date date updated\">3 Ocak 2022<\/time><span class=\"w-blog-post-meta-author vcard author hidden\"><a href=\"https:\/\/arkastrio.com\/en\/author\/admin\/\" class=\"fn\">admin<\/a><\/span>\t\t\t<\/div>\r\n\t\t\t<div class=\"w-blog-post-content\">\r\n\t\t\t\tT\u00fcrkiye\u2019nin ilk kurumsal triosu Arkas Trio, 2 y\u0131l aradan sonra seyircisinin kar\u015f\u0131s\u0131na \u00e7\u0131kmaya haz\u0131rlan\u0131yor. Enstr\u00fcmanlar\u0131n\u0131 b\u00fcy\u00fck bir ustal\u0131kla konu\u015fturan sanat\u00e7\u0131lar\u0131m\u0131z, Hummel\u2019dan Beethoven\u2019a yorumlayacaklar\u0131 eserlerle, seyircilerine m\u00fczik \u015f\u00f6leni ya\u015fatacak. 3 Ocak...\t\t\t<\/div>\r\n\t\t<\/div>\r\n\t<\/div>\r\n<\/article>\r\n\r\n\r\n\r\n<article class=\"w-blog-post genel post-6661 post type-post status-publish format-standard has-post-thumbnail hentry category-genel\" data-id=\"6661\" data-categories=\"genel\">\r\n\t<div class=\"w-blog-post-h\">\r\n\t\t<a href=\"https:\/\/arkastrio.com\/en\/arkas-triodan-kis-konserleri\/\">\r\n\t\t\t<div class=\"w-blog-post-preview\">\r\n\t\t\t\t<img width=\"600\" height=\"400\" src=\"https:\/\/arkastrio.com\/en\/wp-content\/uploads\/2022\/01\/b-600x400.jpg\" class=\"attachment-tnail-3x2 size-tnail-3x2 wp-post-image\" alt=\"\" loading=\"lazy\" srcset=\"https:\/\/arkastrio.com\/en\/wp-content\/uploads\/2022\/01\/b-600x400.jpg 600w, https:\/\/arkastrio.com\/en\/wp-content\/uploads\/2022\/01\/b-300x200.jpg 300w, https:\/\/arkastrio.com\/en\/wp-content\/uploads\/2022\/01\/b-1024x683.jpg 1024w, https:\/\/arkastrio.com\/en\/wp-content\/uploads\/2022\/01\/b-768x512.jpg 768w, https:\/\/arkastrio.com\/en\/wp-content\/uploads\/2022\/01\/b-1536x1024.jpg 1536w, https:\/\/arkastrio.com\/en\/wp-content\/uploads\/2022\/01\/b.jpg 1920w\" sizes=\"(max-width: 600px) 100vw, 600px\" \/>\t\t\t\t<span class=\"w-blog-post-preview-icon\"><\/span>\r\n\t\t\t<\/div>\r\n\t\t<\/a>\r\n\t\t<div class=\"w-blog-post-body\">\r\n\t\t\t<h2 class=\"w-blog-post-title\">\r\n\t\t\t\t<a class=\"entry-title\" rel=\"bookmark\" href=\"https:\/\/arkastrio.com\/en\/arkas-triodan-kis-konserleri\/\">Arkas Trio&#8217;dan K\u0131\u015f Konserleri<\/a>\r\n\t\t\t<\/h2>\r\n\t\t\t<div class=\"w-blog-post-meta\">\r\n\t\t\t\t<time class=\"w-blog-post-meta-date date updated\">6 Nisan 2020<\/time><span class=\"w-blog-post-meta-author vcard author hidden\"><a href=\"https:\/\/arkastrio.com\/en\/author\/admin\/\" class=\"fn\">admin<\/a><\/span>\t\t\t<\/div>\r\n\t\t\t<div class=\"w-blog-post-content\">\r\n\t\t\t\tArkas Trio yeni y\u0131lda k\u0131\u015f konserleriyle i\u00e7inizi \u0131s\u0131tacak. \u0130lki E\u00c7EV yarar\u0131na 27 \u015fubatta Ahmed Adnan Saygun Sanat Merkezi\u2019nde ger\u00e7ekle\u015ftirilecek olan konser serisinin ikincisi ise AIMA yarar\u0131na 28 \u015fubatta Ayval\u0131k\u2019ta d\u00fczenlenecek....\t\t\t<\/div>\r\n\t\t<\/div>\r\n\t<\/div>\r\n<\/article>\r\n\r\n\r\n\r\n<article class=\"w-blog-post genel post-6653 post type-post status-publish format-standard has-post-thumbnail hentry category-genel\" data-id=\"6653\" data-categories=\"genel\">\r\n\t<div class=\"w-blog-post-h\">\r\n\t\t<a href=\"https:\/\/arkastrio.com\/en\/arkas-trio-yeni-yil-konserlerinde\/\">\r\n\t\t\t<div class=\"w-blog-post-preview\">\r\n\t\t\t\t<img width=\"600\" height=\"400\" src=\"https:\/\/arkastrio.com\/en\/wp-content\/uploads\/2022\/01\/a-600x400.jpg\" class=\"attachment-tnail-3x2 size-tnail-3x2 wp-post-image\" alt=\"\" loading=\"lazy\" srcset=\"https:\/\/arkastrio.com\/en\/wp-content\/uploads\/2022\/01\/a-600x400.jpg 600w, https:\/\/arkastrio.com\/en\/wp-content\/uploads\/2022\/01\/a-300x200.jpg 300w, https:\/\/arkastrio.com\/en\/wp-content\/uploads\/2022\/01\/a-1024x683.jpg 1024w, https:\/\/arkastrio.com\/en\/wp-content\/uploads\/2022\/01\/a-768x512.jpg 768w, https:\/\/arkastrio.com\/en\/wp-content\/uploads\/2022\/01\/a-1536x1024.jpg 1536w, https:\/\/arkastrio.com\/en\/wp-content\/uploads\/2022\/01\/a.jpg 1920w\" sizes=\"(max-width: 600px) 100vw, 600px\" \/>\t\t\t\t<span class=\"w-blog-post-preview-icon\"><\/span>\r\n\t\t\t<\/div>\r\n\t\t<\/a>\r\n\t\t<div class=\"w-blog-post-body\">\r\n\t\t\t<h2 class=\"w-blog-post-title\">\r\n\t\t\t\t<a class=\"entry-title\" rel=\"bookmark\" href=\"https:\/\/arkastrio.com\/en\/arkas-trio-yeni-yil-konserlerinde\/\">Arkas Trio Yeni Y\u0131l Konserlerinde&#8230;<\/a>\r\n\t\t\t<\/h2>\r\n\t\t\t<div class=\"w-blog-post-meta\">\r\n\t\t\t\t<time class=\"w-blog-post-meta-date date updated\">18 Aral\u0131k 2019<\/time><span class=\"w-blog-post-meta-author vcard author hidden\"><a href=\"https:\/\/arkastrio.com\/en\/author\/admin\/\" class=\"fn\">admin<\/a><\/span>\t\t\t<\/div>\r\n\t\t\t<div class=\"w-blog-post-content\">\r\n\t\t\t\tT\u00fcrkiye\u2019nin ilk kurumsal \u00fc\u00e7l\u00fcs\u00fc olan Arkas Trio, yeni y\u0131la girerken iki konserle m\u00fczikseverlerle bulu\u015ftu. Arkas Holding deste\u011fiyle Buca Belediyesi taraf\u0131ndan ilk kez organize edilen \u201cBuca Belediyesi Yeni Y\u0131l Konseri\u201d ile...\t\t\t<\/div>\r\n\t\t<\/div>\r\n\t<\/div>\r\n<\/article>\r\n\r\n\r\n\r\n<article class=\"w-blog-post genel post-6656 post type-post status-publish format-standard has-post-thumbnail hentry category-genel\" data-id=\"6656\" data-categories=\"genel\">\r\n\t<div class=\"w-blog-post-h\">\r\n\t\t<a href=\"https:\/\/arkastrio.com\/en\/santa-maria-konserleri-her-yil-daha-da-coskulu-2\/\">\r\n\t\t\t<div class=\"w-blog-post-preview\">\r\n\t\t\t\t<img width=\"600\" height=\"400\" src=\"https:\/\/arkastrio.com\/en\/wp-content\/uploads\/2022\/01\/ARK_1743-600x400.jpg\" class=\"attachment-tnail-3x2 size-tnail-3x2 wp-post-image\" alt=\"\" loading=\"lazy\" srcset=\"https:\/\/arkastrio.com\/en\/wp-content\/uploads\/2022\/01\/ARK_1743-600x400.jpg 600w, https:\/\/arkastrio.com\/en\/wp-content\/uploads\/2022\/01\/ARK_1743-300x200.jpg 300w, https:\/\/arkastrio.com\/en\/wp-content\/uploads\/2022\/01\/ARK_1743-1024x683.jpg 1024w, https:\/\/arkastrio.com\/en\/wp-content\/uploads\/2022\/01\/ARK_1743-768x512.jpg 768w, https:\/\/arkastrio.com\/en\/wp-content\/uploads\/2022\/01\/ARK_1743-1536x1024.jpg 1536w, https:\/\/arkastrio.com\/en\/wp-content\/uploads\/2022\/01\/ARK_1743-2048x1365.jpg 2048w\" sizes=\"(max-width: 600px) 100vw, 600px\" \/>\t\t\t\t<span class=\"w-blog-post-preview-icon\"><\/span>\r\n\t\t\t<\/div>\r\n\t\t<\/a>\r\n\t\t<div class=\"w-blog-post-body\">\r\n\t\t\t<h2 class=\"w-blog-post-title\">\r\n\t\t\t\t<a class=\"entry-title\" rel=\"bookmark\" href=\"https:\/\/arkastrio.com\/en\/santa-maria-konserleri-her-yil-daha-da-coskulu-2\/\">Santa Maria Konserleri her y\u0131l daha da co\u015fkulu<\/a>\r\n\t\t\t<\/h2>\r\n\t\t\t<div class=\"w-blog-post-meta\">\r\n\t\t\t\t<time class=\"w-blog-post-meta-date date updated\">10 May\u0131s 2018<\/time><span class=\"w-blog-post-meta-author vcard author hidden\"><a href=\"https:\/\/arkastrio.com\/en\/author\/admin\/\" class=\"fn\">admin<\/a><\/span>\t\t\t<\/div>\r\n\t\t\t<div class=\"w-blog-post-content\">\r\n\t\t\t\tArkas taraf\u0131ndan organize edilen Santa Maria Konserleri 4. y\u0131l\u0131nda da \u0130zmirli klasik m\u00fczikseverleri bulu\u015ftururken s\u00fcrprizleri de beraberinde getirdi. 8-9-10 May\u0131s tarihlerinde ger\u00e7ekle\u015ftirilen konserler, Arkas Trio\u2019nun CD lansman\u0131 heyecan\u0131n\u0131n yan\u0131 s\u0131ra...\t\t\t<\/div>\r\n\t\t<\/div>\r\n\t<\/div>\r\n<\/article>\r\n\r\n\r\n\r\n<article class=\"w-blog-post genel post-6648 post type-post status-publish format-standard has-post-thumbnail hentry category-genel\" data-id=\"6648\" data-categories=\"genel\">\r\n\t<div class=\"w-blog-post-h\">\r\n\t\t<a href=\"https:\/\/arkastrio.com\/en\/arkas-trio-sureyya-operasinda\/\">\r\n\t\t\t<div class=\"w-blog-post-preview\">\r\n\t\t\t\t<img width=\"600\" height=\"400\" src=\"https:\/\/arkastrio.com\/en\/wp-content\/uploads\/2022\/01\/ARK_1743-1024x683-1-600x400.jpg\" class=\"attachment-tnail-3x2 size-tnail-3x2 wp-post-image\" alt=\"\" loading=\"lazy\" srcset=\"https:\/\/arkastrio.com\/en\/wp-content\/uploads\/2022\/01\/ARK_1743-1024x683-1-600x400.jpg 600w, https:\/\/arkastrio.com\/en\/wp-content\/uploads\/2022\/01\/ARK_1743-1024x683-1-300x200.jpg 300w, https:\/\/arkastrio.com\/en\/wp-content\/uploads\/2022\/01\/ARK_1743-1024x683-1-768x512.jpg 768w, https:\/\/arkastrio.com\/en\/wp-content\/uploads\/2022\/01\/ARK_1743-1024x683-1.jpg 1024w\" sizes=\"(max-width: 600px) 100vw, 600px\" \/>\t\t\t\t<span class=\"w-blog-post-preview-icon\"><\/span>\r\n\t\t\t<\/div>\r\n\t\t<\/a>\r\n\t\t<div class=\"w-blog-post-body\">\r\n\t\t\t<h2 class=\"w-blog-post-title\">\r\n\t\t\t\t<a class=\"entry-title\" rel=\"bookmark\" href=\"https:\/\/arkastrio.com\/en\/arkas-trio-sureyya-operasinda\/\">Arkas Trio S\u00fcreyya Operas\u0131\u2019nda<\/a>\r\n\t\t\t<\/h2>\r\n\t\t\t<div class=\"w-blog-post-meta\">\r\n\t\t\t\t<time class=\"w-blog-post-meta-date date updated\">17 Nisan 2018<\/time><span class=\"w-blog-post-meta-author vcard author hidden\"><a href=\"https:\/\/arkastrio.com\/en\/author\/admin\/\" class=\"fn\">admin<\/a><\/span>\t\t\t<\/div>\r\n\t\t\t<div class=\"w-blog-post-content\">\r\n\t\t\t\tDinleyicisi taraf\u0131ndan merakla beklenen Arkas Trio konserleri, 7. sanat sezonunda S\u00fcreyya Operas\u0131\u2019nda bir kez daha dinleyiciyle bulu\u015fuyor. Arkas Holding taraf\u0131ndan klasik bat\u0131 m\u00fczi\u011fine uzun vadeli ve evrensel bir proje ile...\t\t\t<\/div>\r\n\t\t<\/div>\r\n\t<\/div>\r\n<\/article>\r\n\r\n\r\n\r\n<article class=\"w-blog-post genel post-6645 post type-post status-publish format-standard has-post-thumbnail hentry category-genel\" data-id=\"6645\" data-categories=\"genel\">\r\n\t<div class=\"w-blog-post-h\">\r\n\t\t<a href=\"https:\/\/arkastrio.com\/en\/arkas-trio-3-bisanthe-oda-muzigi-festivalinde-konser-verecek\/\">\r\n\t\t\t<div class=\"w-blog-post-preview\">\r\n\t\t\t\t<img width=\"600\" height=\"400\" src=\"https:\/\/arkastrio.com\/en\/wp-content\/uploads\/2022\/01\/Untitled-1_0008_2G2A0098-600x400.jpg\" class=\"attachment-tnail-3x2 size-tnail-3x2 wp-post-image\" alt=\"\" loading=\"lazy\" srcset=\"https:\/\/arkastrio.com\/en\/wp-content\/uploads\/2022\/01\/Untitled-1_0008_2G2A0098-600x400.jpg 600w, https:\/\/arkastrio.com\/en\/wp-content\/uploads\/2022\/01\/Untitled-1_0008_2G2A0098-300x200.jpg 300w, https:\/\/arkastrio.com\/en\/wp-content\/uploads\/2022\/01\/Untitled-1_0008_2G2A0098-1024x683.jpg 1024w, https:\/\/arkastrio.com\/en\/wp-content\/uploads\/2022\/01\/Untitled-1_0008_2G2A0098-768x512.jpg 768w, https:\/\/arkastrio.com\/en\/wp-content\/uploads\/2022\/01\/Untitled-1_0008_2G2A0098-1536x1024.jpg 1536w, https:\/\/arkastrio.com\/en\/wp-content\/uploads\/2022\/01\/Untitled-1_0008_2G2A0098.jpg 1920w\" sizes=\"(max-width: 600px) 100vw, 600px\" \/>\t\t\t\t<span class=\"w-blog-post-preview-icon\"><\/span>\r\n\t\t\t<\/div>\r\n\t\t<\/a>\r\n\t\t<div class=\"w-blog-post-body\">\r\n\t\t\t<h2 class=\"w-blog-post-title\">\r\n\t\t\t\t<a class=\"entry-title\" rel=\"bookmark\" href=\"https:\/\/arkastrio.com\/en\/arkas-trio-3-bisanthe-oda-muzigi-festivalinde-konser-verecek\/\">Arkas Trio 3. Bisanthe Oda M\u00fczi\u011fi Festivali\u2019nde konser verecek<\/a>\r\n\t\t\t<\/h2>\r\n\t\t\t<div class=\"w-blog-post-meta\">\r\n\t\t\t\t<time class=\"w-blog-post-meta-date date updated\">16 \u015eubat 2018<\/time><span class=\"w-blog-post-meta-author vcard author hidden\"><a href=\"https:\/\/arkastrio.com\/en\/author\/admin\/\" class=\"fn\">admin<\/a><\/span>\t\t\t<\/div>\r\n\t\t\t<div class=\"w-blog-post-content\">\r\n\t\t\t\tT\u00fcrkiye\u2019nin ilk kurumsal triosu Arkas Trio, Tekirda\u011f S\u00fcleymanpa\u015fa Belediyesi taraf\u0131ndan d\u00fczenlenen 3. Bisanthe Oda M\u00fczi\u011fi Festivali\u2019nde sahneye \u00e7\u0131k\u0131yor. Arkas Holding\u2019in klasik bat\u0131 m\u00fczi\u011fine uzun vadeli ve evrensel bir proje ile...\t\t\t<\/div>\r\n\t\t<\/div>\r\n\t<\/div>\r\n<\/article>\r\n\r\n\r\n\r\n<article class=\"w-blog-post genel post-6332 post type-post status-publish format-standard has-post-thumbnail hentry category-genel\" data-id=\"6332\" data-categories=\"genel\">\r\n\t<div class=\"w-blog-post-h\">\r\n\t\t<a href=\"https:\/\/arkastrio.com\/en\/arkas-trio-desoya-konuk-oldu\/\">\r\n\t\t\t<div class=\"w-blog-post-preview\">\r\n\t\t\t\t<img width=\"600\" height=\"400\" src=\"https:\/\/arkastrio.com\/en\/wp-content\/uploads\/2018\/06\/ARK_2556-600x400.jpg\" class=\"attachment-tnail-3x2 size-tnail-3x2 wp-post-image\" alt=\"\" loading=\"lazy\" srcset=\"https:\/\/arkastrio.com\/en\/wp-content\/uploads\/2018\/06\/ARK_2556-600x400.jpg 600w, https:\/\/arkastrio.com\/en\/wp-content\/uploads\/2018\/06\/ARK_2556-300x200.jpg 300w, https:\/\/arkastrio.com\/en\/wp-content\/uploads\/2018\/06\/ARK_2556-768x512.jpg 768w, https:\/\/arkastrio.com\/en\/wp-content\/uploads\/2018\/06\/ARK_2556-1024x682.jpg 1024w, https:\/\/arkastrio.com\/en\/wp-content\/uploads\/2018\/06\/ARK_2556.jpg 1600w\" sizes=\"(max-width: 600px) 100vw, 600px\" \/>\t\t\t\t<span class=\"w-blog-post-preview-icon\"><\/span>\r\n\t\t\t<\/div>\r\n\t\t<\/a>\r\n\t\t<div class=\"w-blog-post-body\">\r\n\t\t\t<h2 class=\"w-blog-post-title\">\r\n\t\t\t\t<a class=\"entry-title\" rel=\"bookmark\" href=\"https:\/\/arkastrio.com\/en\/arkas-trio-desoya-konuk-oldu\/\">Arkas Trio DESO\u2019ya Konuk Oldu<\/a>\r\n\t\t\t<\/h2>\r\n\t\t\t<div class=\"w-blog-post-meta\">\r\n\t\t\t\t<time class=\"w-blog-post-meta-date date updated\">23 Kas\u0131m 2017<\/time><span class=\"w-blog-post-meta-author vcard author hidden\"><a href=\"https:\/\/arkastrio.com\/en\/author\/admin\/\" class=\"fn\">admin<\/a><\/span>\t\t\t<\/div>\r\n\t\t\t<div class=\"w-blog-post-content\">\r\n\t\t\t\tT\u00fcrkiye\u2019nin ilk kurumsal triosu Arkas Trio, 2017-2018 Konser Sezonu Kas\u0131m ay\u0131 program\u0131nda Dokuz Eyl\u00fcl \u00dcniversitesi Senfoni Orkestras\u0131 (DESO)\u2019ya konuk oldu. Tematik konserlerini sosyal sorumluluk misyonu ile de birle\u015ftiren ve hem...\t\t\t<\/div>\r\n\t\t<\/div>\r\n\t<\/div>\r\n<\/article>\r\n\r\n\r\n\r\n<article class=\"w-blog-post genel post-6232 post type-post status-publish format-standard has-post-thumbnail hentry category-genel\" data-id=\"6232\" data-categories=\"genel\">\r\n\t<div class=\"w-blog-post-h\">\r\n\t\t<a href=\"https:\/\/arkastrio.com\/en\/santa-mariada-muzik-gunleri\/\">\r\n\t\t\t<div class=\"w-blog-post-preview\">\r\n\t\t\t\t<img width=\"600\" height=\"400\" src=\"https:\/\/arkastrio.com\/en\/wp-content\/uploads\/2017\/09\/ARK_9430-600x400.jpg\" class=\"attachment-tnail-3x2 size-tnail-3x2 wp-post-image\" alt=\"\" loading=\"lazy\" srcset=\"https:\/\/arkastrio.com\/en\/wp-content\/uploads\/2017\/09\/ARK_9430-600x400.jpg 600w, https:\/\/arkastrio.com\/en\/wp-content\/uploads\/2017\/09\/ARK_9430-300x200.jpg 300w, https:\/\/arkastrio.com\/en\/wp-content\/uploads\/2017\/09\/ARK_9430-768x512.jpg 768w, https:\/\/arkastrio.com\/en\/wp-content\/uploads\/2017\/09\/ARK_9430-1024x683.jpg 1024w, https:\/\/arkastrio.com\/en\/wp-content\/uploads\/2017\/09\/ARK_9430.jpg 1600w\" sizes=\"(max-width: 600px) 100vw, 600px\" \/>\t\t\t\t<span class=\"w-blog-post-preview-icon\"><\/span>\r\n\t\t\t<\/div>\r\n\t\t<\/a>\r\n\t\t<div class=\"w-blog-post-body\">\r\n\t\t\t<h2 class=\"w-blog-post-title\">\r\n\t\t\t\t<a class=\"entry-title\" rel=\"bookmark\" href=\"https:\/\/arkastrio.com\/en\/santa-mariada-muzik-gunleri\/\">Santa Maria\u2019da M\u00fczik G\u00fcnleri<\/a>\r\n\t\t\t<\/h2>\r\n\t\t\t<div class=\"w-blog-post-meta\">\r\n\t\t\t\t<time class=\"w-blog-post-meta-date date updated\">24 May\u0131s 2017<\/time><span class=\"w-blog-post-meta-author vcard author hidden\"><a href=\"https:\/\/arkastrio.com\/en\/author\/admin\/\" class=\"fn\">admin<\/a><\/span>\t\t\t<\/div>\r\n\t\t\t<div class=\"w-blog-post-content\">\r\n\t\t\t\t<p>\u0130zmir B\u00fcy\u00fck\u015fehir Belediyesi taraf\u0131ndan d\u00fczenlenen K\u00f6rfez Festivali, festivalin ana etkinli\u011fi olan \u0130zmir Arkas K\u00f6rfez Yar\u0131\u015f\u0131\u2019n\u0131n ard\u0131ndan sona erdi. \u00dc\u00e7 g\u00fcn s\u00fcren festival boyunca tam bir g\u00f6rsel \u015f\u00f6len ya\u015fan\u0131rken&#8230;<\/p>\n\t\t\t<\/div>\r\n\t\t<\/div>\r\n\t<\/div>\r\n<\/article>\r\n\r\n\r\n\r\n<article class=\"w-blog-post genel post-5986 post type-post status-publish format-standard has-post-thumbnail hentry category-genel\" data-id=\"5986\" data-categories=\"genel\">\r\n\t<div class=\"w-blog-post-h\">\r\n\t\t<a href=\"https:\/\/arkastrio.com\/en\/arkas-trio-performansi-ile-victor-vasarely-turkiye-retrospektifi-sergisine-eslik-etti\/\">\r\n\t\t\t<div class=\"w-blog-post-preview\">\r\n\t\t\t\t<img width=\"600\" height=\"400\" src=\"https:\/\/arkastrio.com\/en\/wp-content\/uploads\/2017\/07\/HMA2855-600x400.jpg\" class=\"attachment-tnail-3x2 size-tnail-3x2 wp-post-image\" alt=\"\" loading=\"lazy\" srcset=\"https:\/\/arkastrio.com\/en\/wp-content\/uploads\/2017\/07\/HMA2855-600x401.jpg 600w, https:\/\/arkastrio.com\/en\/wp-content\/uploads\/2017\/07\/HMA2855-300x200.jpg 300w, https:\/\/arkastrio.com\/en\/wp-content\/uploads\/2017\/07\/HMA2855-768x513.jpg 768w, https:\/\/arkastrio.com\/en\/wp-content\/uploads\/2017\/07\/HMA2855-1024x684.jpg 1024w, https:\/\/arkastrio.com\/en\/wp-content\/uploads\/2017\/07\/HMA2855.jpg 1600w\" sizes=\"(max-width: 600px) 100vw, 600px\" \/>\t\t\t\t<span class=\"w-blog-post-preview-icon\"><\/span>\r\n\t\t\t<\/div>\r\n\t\t<\/a>\r\n\t\t<div class=\"w-blog-post-body\">\r\n\t\t\t<h2 class=\"w-blog-post-title\">\r\n\t\t\t\t<a class=\"entry-title\" rel=\"bookmark\" href=\"https:\/\/arkastrio.com\/en\/arkas-trio-performansi-ile-victor-vasarely-turkiye-retrospektifi-sergisine-eslik-etti\/\">Arkas Trio, Performans\u0131 ile Victor Vasarely T\u00fcrkiye Retrospektifi Sergisine E\u015flik Etti<\/a>\r\n\t\t\t<\/h2>\r\n\t\t\t<div class=\"w-blog-post-meta\">\r\n\t\t\t\t<time class=\"w-blog-post-meta-date date updated\">12 \u015eubat 2017<\/time><span class=\"w-blog-post-meta-author vcard author hidden\"><a href=\"https:\/\/arkastrio.com\/en\/author\/admin\/\" class=\"fn\">admin<\/a><\/span>\t\t\t<\/div>\r\n\t\t\t<div class=\"w-blog-post-content\">\r\n\t\t\t\tArkas Holding ve Vasarely Vakf\u0131 i\u015f birli\u011fi ve Mimar Sinan G\u00fczel Sanatlar \u00dcniversitesi deste\u011fi ile hayat bulan Victor Vasarely T\u00fcrkiye Retrospektifi Sergisi\u2019nin devam etti\u011fi Tophane-i Amire\u2019de, Arkas Trio verdi\u011fi konserle...\t\t\t<\/div>\r\n\t\t<\/div>\r\n\t<\/div>\r\n<\/article>\r\n\r\n<\/div>\t<div class=\"w-blog-json hidden\" onclick='return {&quot;ajax_url&quot;:&quot;https:\\\/\\\/arkastrio.com\\\/en\\\/wp-admin\\\/admin-ajax.php&quot;,&quot;permalink_url&quot;:&quot;https:\\\/\\\/arkastrio.com\\\/en\\\/concerts\\\/&quot;,&quot;action&quot;:&quot;us_ajax_blog&quot;,&quot;max_num_pages&quot;:2,&quot;infinite_scroll&quot;:0,&quot;template_vars&quot;:{&quot;query_args&quot;:{&quot;post_type&quot;:&quot;post&quot;,&quot;post_status&quot;:[&quot;publish&quot;],&quot;orderby&quot;:{&quot;date&quot;:&quot;DESC&quot;},&quot;posts_per_page&quot;:9},&quot;layout_type&quot;:&quot;classic&quot;,&quot;metas&quot;:[&quot;date&quot;],&quot;title_size&quot;:&quot;&quot;,&quot;columns&quot;:3,&quot;content_type&quot;:&quot;excerpt&quot;,&quot;show_read_more&quot;:false,&quot;is_shortcode&quot;:true}}'><\/div>\r\n\t<div class=\"g-loadmore\">\r\n\t\t\t<div class=\"g-loadmore-btn\">\r\n\t\t\t\t<span>Load More<\/span>\r\n\t\t\t<\/div>\r\n\t\t\t<div class=\"g-preloader type_1\"><\/div>\r\n\t\t<\/div><\/div><\/div><\/div><\/div><\/section><section class=\"l-section wpb_row height_medium\"><div class=\"l-section-h i-cf\"><div class=\"g-cols offset_small\"><div class=\" full-width\"><div class=\"wpb_text_column \"><div class=\"wpb_wrapper\">\n<p style=\"text-align: center;\"><strong>SOCIAL MEDIA<\/strong><\/p>\n<\/div> <\/div> <div class=\"w-socials align_center style_desaturated index_1\" style=\"font-size: 20px;\"><div class=\"w-socials-list\"><div class=\"w-socials-item facebook\">\r\n\t\t\t\t<a class=\"w-socials-item-link\" target=\"_blank\" href=\"https:\/\/www.facebook.com\/arkastrio\/\">\r\n\t\t\t\t\t<span class=\"w-socials-item-link-hover\"><\/span>\r\n\t\t\t\t<\/a>\r\n\t\t\t\t<div class=\"w-socials-item-popup\">\r\n\t\t\t\t\t<span>Facebook<\/span>\r\n\t\t\t\t<\/div>\r\n\t\t\t<\/div><div class=\"w-socials-item youtube\">\r\n\t\t\t\t<a class=\"w-socials-item-link\" target=\"_blank\" href=\"https:\/\/www.youtube.com\/channel\/UCE20A8SnClpRJ5hxu4MKYQQ\">\r\n\t\t\t\t\t<span class=\"w-socials-item-link-hover\"><\/span>\r\n\t\t\t\t<\/a>\r\n\t\t\t\t<div class=\"w-socials-item-popup\">\r\n\t\t\t\t\t<span>YouTube<\/span>\r\n\t\t\t\t<\/div>\r\n\t\t\t<\/div><\/div><\/div><\/div><\/div><\/div><\/section>\n","protected":false},"excerpt":{"rendered":"Arkas Holding ve Vasarely Vakf\u0131 i\u015f birli\u011fi ve Mimar Sinan G\u00fczel Sanatlar \u00dcniversitesi deste\u011fi ile hayat bulan Victor Vasarely T\u00fcrkiye Retrospektifi Sergisi\u2019nin devam etti\u011fi Tophane-i Amire\u2019de, Arkas Trio verdi\u011fi konserle...","protected":false},"author":1,"featured_media":0,"parent":0,"menu_order":0,"comment_status":"closed","ping_status":"closed","template":"","meta":[],"_links":{"self":[{"href":"https:\/\/arkastrio.com\/en\/wp-json\/wp\/v2\/pages\/6000"}],"collection":[{"href":"https:\/\/arkastrio.com\/en\/wp-json\/wp\/v2\/pages"}],"about":[{"href":"https:\/\/arkastrio.com\/en\/wp-json\/wp\/v2\/types\/page"}],"author":[{"embeddable":true,"href":"https:\/\/arkastrio.com\/en\/wp-json\/wp\/v2\/users\/1"}],"replies":[{"embeddable":true,"href":"https:\/\/arkastrio.com\/en\/wp-json\/wp\/v2\/comments?post=6000"}],"version-history":[{"count":14,"href":"https:\/\/arkastrio.com\/en\/wp-json\/wp\/v2\/pages\/6000\/revisions"}],"predecessor-version":[{"id":6609,"href":"https:\/\/arkastrio.com\/en\/wp-json\/wp\/v2\/pages\/6000\/revisions\/6609"}],"wp:attachment":[{"href":"https:\/\/arkastrio.com\/en\/wp-json\/wp\/v2\/media?parent=6000"}],"curies":[{"name":"wp","href":"https:\/\/api.w.org\/{rel}","templated":true}]}}