{"id":5939,"date":"2018-01-31T09:54:17","date_gmt":"2018-01-31T07:54:17","guid":{"rendered":"http:\/\/arkasmatsailingteam.com\/demo\/?page_id=5939"},"modified":"2022-01-13T14:47:11","modified_gmt":"2022-01-13T11:47:11","slug":"programme","status":"publish","type":"page","link":"https:\/\/arkastrio.com\/en\/programme\/","title":{"rendered":"Programme"},"content":{"rendered":"<section class=\"l-section wpb_row height_medium color_primary with_img parallax_hor bgwidth_120 with_overlay\"><div class=\"l-section-img\" style=\"background-image: url(https:\/\/arkastrio.com\/en\/wp-content\/uploads\/2019\/11\/2G2A0098.jpg);\" data-img-width=\"3290\" data-img-height=\"1270\"><\/div><div class=\"l-section-overlay\" style=\"background-color: rgba(0,0,0,0.7)\"><\/div><div class=\"l-section-h i-cf\"><div class=\"g-cols offset_small\"><div class=\" full-width\"><div class=\"w-separator type_invisible size_huge thick_1 style_solid color_border cont_none\"><span class=\"w-separator-h\"><\/span><\/div><div class=\"wpb_text_column \"><div class=\"wpb_wrapper\">\n<h1 style=\"text-align: center;\"><strong>PROGRAMME<\/strong><\/h1>\n<\/div> <\/div> <div class=\"w-separator type_invisible size_huge thick_1 style_solid color_border cont_none\"><span class=\"w-separator-h\"><\/span><\/div><\/div><\/div><\/div><\/section><section class=\"l-section wpb_row height_medium\"><div class=\"l-section-h i-cf\"><div class=\"g-cols offset_small\"><div class=\" three-quarters\"><div class=\"wpb_text_column \"><div class=\"wpb_wrapper\">\n<h3><strong>2022 PROGRAMME<\/strong><\/h3>\n<\/div> <\/div> [vc_empty_space]<div class=\"wpb_text_column \"><div class=\"wpb_wrapper\"><strong>AHMED ADNAN SAYGUN ART CENTER YEN\u0130 YILIN KONSERLER\u0130 \/ IZMIR 4 JANUARY 2022 THURSDAY<\/strong><\/div> <\/div> <div class=\"w-separator type_default size_medium thick_1 style_solid color_border cont_none\"><span class=\"w-separator-h\"><\/span><\/div><div class=\"wpb_text_column \"><div class=\"wpb_wrapper\"><strong>KADIK\u00d6Y S\u00dcREYYA OPERA YEN\u0130 YILIN KONSERLER\u0130 \/ ISTANBUL 3 JANUARY 2022 MONDAY<\/strong><\/div> <\/div> <div class=\"w-separator type_default size_medium thick_1 style_solid color_border cont_none\"><span class=\"w-separator-h\"><\/span><\/div>[vc_empty_space]<div class=\"wpb_text_column \"><div class=\"wpb_wrapper\">\n<h3><strong>2020 PROGRAMME<\/strong><\/h3>\n<\/div> <\/div> [vc_empty_space]<div class=\"wpb_text_column \"><div class=\"wpb_wrapper\"><strong>AYVALIK INTERNATIONAL MUSIC ACADEMY KONSER\u0130 \/ AYVALIK &#8211; 28 FEBRUARY 2020 THURSDAY<\/strong><br \/>\nJ. N. Hummel &#8211; Mi bemol Maj\u00f6r Trio, op. 12<br \/>\nAllegro agitato<br \/>\nAndante<br \/>\nFinale \u2013 Presto<br \/>\nL. v. Beethoven &#8211; Do min\u00f6r Trio, op. 1 No. 3<br \/>\nAllegro con brio<br \/>\nAndante cantabile con Variazioni<br \/>\nMenuetto (Quasi Allegro) \u2013 Trio<br \/>\nFinale \u2013 Prestissimo<br \/>\nA. Piazzolla &#8211; Tangolar<br \/>\nOblivion<br \/>\nChiquillin de Bachin<br \/>\nOto\u00f1o Porte\u00f1o<\/div> <\/div> <div class=\"w-separator type_default size_medium thick_1 style_solid color_border cont_none\"><span class=\"w-separator-h\"><\/span><\/div><div class=\"wpb_text_column \"><div class=\"wpb_wrapper\"><strong>E\u00c7EV YARARINA KONSER \/ AASSM &#8211; 27 FEBRUARY 2020 WEDNESDAY<\/strong><br \/>\nJ. N. Hummel &#8211; Mi bemol Maj\u00f6r Trio, op. 12<br \/>\nAllegro agitato<br \/>\nAndante<br \/>\nFinale \u2013 Presto<br \/>\nL. v. Beethoven &#8211; Do min\u00f6r Trio, op. 1 No.<br \/>\nAllegro con brio<br \/>\nAndante cantabile con Variazioni<br \/>\nMenuetto (Quasi Allegro) \u2013 Trio<br \/>\nFinale \u2013 Prestissimo<br \/>\nA. Piazzolla &#8211; Tangolar<br \/>\nOblivion<br \/>\nChiquillin de Bachin<br \/>\nOto\u00f1o Porte\u00f1o<\/div> <\/div> <div class=\"w-separator type_default size_medium thick_1 style_solid color_border cont_none\"><span class=\"w-separator-h\"><\/span><\/div><div class=\"wpb_text_column \"><div class=\"wpb_wrapper\"><strong>MUSEV\u0130 CEM\u0130YET\u0130 KONSER\u0130 \/ BET-ISRAEL S\u0130NAGOGU &#8211; 19 DECEMBER 2019 THURSDAY<\/strong><br \/>\nF. Schubert &#8211; Notturno, Mi bemol Maj\u00f6r, op. 148 D 897<br \/>\nF. Mendelssohn &#8211; Trio No. 1, Re min\u00f6r, op. 49<br \/>\nMolto allegro ed agitato<br \/>\nAndante con moto tranquillo<br \/>\nScherzo: Leggiero e vivace<br \/>\nFinale: Allegro assai appassionato<br \/>\nA. Piazzolla &#8211; Tangolar<br \/>\nOblivion<br \/>\nChiquillin de Bachin<br \/>\nOto\u00f1o Porte\u00f1o<\/div> <\/div> <div class=\"w-separator type_default size_medium thick_1 style_solid color_border cont_none\"><span class=\"w-separator-h\"><\/span><\/div><div class=\"wpb_text_column \"><div class=\"wpb_wrapper\"><strong>BUCA BELED\u0130YES\u0130 YEN\u0130 YIL KONSER\u0130 \/ BUCA BAPT\u0130ST K\u0130L\u0130SES\u0130 &#8211; 18 DECEMBER 2019 WEDNESDAY<\/strong><br \/>\nF. Schubert &#8211; Notturno, Mi bemol Maj\u00f6r, op. 148 D 897<br \/>\nF. Mendelssohn &#8211; Trio No. 1, Re min\u00f6r, op. 49<br \/>\nMolto allegro ed agitato<br \/>\nAndante con moto tranquillo<br \/>\nScherzo: Leggiero e vivace<br \/>\nFinale: Allegro assai appassionato<br \/>\nA. Piazzolla &#8211; Tangolar<br \/>\nOblivion<br \/>\nChiquillin de Bachin<br \/>\nOto\u00f1o Porte\u00f1o<\/div> <\/div> <\/div><div class=\" one-quarter\"><div class=\"wpb_text_column \"><div class=\"wpb_wrapper\">\n<h3>Recent News<\/h3>\n<\/div> <\/div> <div class=\"w-blog layout_smallcircle cols_1\" itemscope=\"itemscope\" itemtype=\"https:\/\/schema.org\/Blog\"><div class=\"w-blog-list\">\r\n\r\n<article class=\"w-blog-post genel post-6664 post type-post status-publish format-standard has-post-thumbnail hentry category-genel\" data-id=\"6664\" data-categories=\"genel\">\r\n\t<div class=\"w-blog-post-h\">\r\n\t\t<a href=\"https:\/\/arkastrio.com\/en\/arkas-triodan-yeni-yilin-ilk-konserleri\/\">\r\n\t\t\t<div class=\"w-blog-post-preview\">\r\n\t\t\t\t<img width=\"350\" height=\"350\" src=\"https:\/\/arkastrio.com\/en\/wp-content\/uploads\/2022\/01\/Untitled-1_0007_2G2A0127-350x350.jpg\" class=\"attachment-tnail-1x1-small size-tnail-1x1-small wp-post-image\" alt=\"\" loading=\"lazy\" srcset=\"https:\/\/arkastrio.com\/en\/wp-content\/uploads\/2022\/01\/Untitled-1_0007_2G2A0127-350x350.jpg 350w, https:\/\/arkastrio.com\/en\/wp-content\/uploads\/2022\/01\/Untitled-1_0007_2G2A0127-150x150.jpg 150w, https:\/\/arkastrio.com\/en\/wp-content\/uploads\/2022\/01\/Untitled-1_0007_2G2A0127-600x600.jpg 600w\" sizes=\"(max-width: 350px) 100vw, 350px\" \/>\t\t\t\t<span class=\"w-blog-post-preview-icon\"><\/span>\r\n\t\t\t<\/div>\r\n\t\t<\/a>\r\n\t\t<div class=\"w-blog-post-body\">\r\n\t\t\t<h2 class=\"w-blog-post-title\"style=\"font-size: 15px\">\r\n\t\t\t\t<a class=\"entry-title\" rel=\"bookmark\" href=\"https:\/\/arkastrio.com\/en\/arkas-triodan-yeni-yilin-ilk-konserleri\/\">Arkas Trio&#8217;dan Yeni Y\u0131l\u0131n \u0130lk Konserleri<\/a>\r\n\t\t\t<\/h2>\r\n\t\t\t<div class=\"w-blog-post-meta hidden\">\r\n\t\t\t\t<time class=\"w-blog-post-meta-date date updated hidden\">3 Ocak 2022<\/time><span class=\"w-blog-post-meta-author vcard author hidden\"><a href=\"https:\/\/arkastrio.com\/en\/author\/admin\/\" class=\"fn\">admin<\/a><\/span>\t\t\t<\/div>\r\n\t\t<\/div>\r\n\t<\/div>\r\n<\/article>\r\n\r\n\r\n\r\n<article class=\"w-blog-post genel post-6661 post type-post status-publish format-standard has-post-thumbnail hentry category-genel\" data-id=\"6661\" data-categories=\"genel\">\r\n\t<div class=\"w-blog-post-h\">\r\n\t\t<a href=\"https:\/\/arkastrio.com\/en\/arkas-triodan-kis-konserleri\/\">\r\n\t\t\t<div class=\"w-blog-post-preview\">\r\n\t\t\t\t<img width=\"350\" height=\"350\" src=\"https:\/\/arkastrio.com\/en\/wp-content\/uploads\/2022\/01\/b-350x350.jpg\" class=\"attachment-tnail-1x1-small size-tnail-1x1-small wp-post-image\" alt=\"\" loading=\"lazy\" srcset=\"https:\/\/arkastrio.com\/en\/wp-content\/uploads\/2022\/01\/b-350x350.jpg 350w, https:\/\/arkastrio.com\/en\/wp-content\/uploads\/2022\/01\/b-150x150.jpg 150w, https:\/\/arkastrio.com\/en\/wp-content\/uploads\/2022\/01\/b-600x600.jpg 600w\" sizes=\"(max-width: 350px) 100vw, 350px\" \/>\t\t\t\t<span class=\"w-blog-post-preview-icon\"><\/span>\r\n\t\t\t<\/div>\r\n\t\t<\/a>\r\n\t\t<div class=\"w-blog-post-body\">\r\n\t\t\t<h2 class=\"w-blog-post-title\"style=\"font-size: 15px\">\r\n\t\t\t\t<a class=\"entry-title\" rel=\"bookmark\" href=\"https:\/\/arkastrio.com\/en\/arkas-triodan-kis-konserleri\/\">Arkas Trio&#8217;dan K\u0131\u015f Konserleri<\/a>\r\n\t\t\t<\/h2>\r\n\t\t\t<div class=\"w-blog-post-meta hidden\">\r\n\t\t\t\t<time class=\"w-blog-post-meta-date date updated hidden\">6 Nisan 2020<\/time><span class=\"w-blog-post-meta-author vcard author hidden\"><a href=\"https:\/\/arkastrio.com\/en\/author\/admin\/\" class=\"fn\">admin<\/a><\/span>\t\t\t<\/div>\r\n\t\t<\/div>\r\n\t<\/div>\r\n<\/article>\r\n\r\n\r\n\r\n<article class=\"w-blog-post genel post-6653 post type-post status-publish format-standard has-post-thumbnail hentry category-genel\" data-id=\"6653\" data-categories=\"genel\">\r\n\t<div class=\"w-blog-post-h\">\r\n\t\t<a href=\"https:\/\/arkastrio.com\/en\/arkas-trio-yeni-yil-konserlerinde\/\">\r\n\t\t\t<div class=\"w-blog-post-preview\">\r\n\t\t\t\t<img width=\"350\" height=\"350\" src=\"https:\/\/arkastrio.com\/en\/wp-content\/uploads\/2022\/01\/a-350x350.jpg\" class=\"attachment-tnail-1x1-small size-tnail-1x1-small wp-post-image\" alt=\"\" loading=\"lazy\" srcset=\"https:\/\/arkastrio.com\/en\/wp-content\/uploads\/2022\/01\/a-350x350.jpg 350w, https:\/\/arkastrio.com\/en\/wp-content\/uploads\/2022\/01\/a-150x150.jpg 150w, https:\/\/arkastrio.com\/en\/wp-content\/uploads\/2022\/01\/a-600x600.jpg 600w\" sizes=\"(max-width: 350px) 100vw, 350px\" \/>\t\t\t\t<span class=\"w-blog-post-preview-icon\"><\/span>\r\n\t\t\t<\/div>\r\n\t\t<\/a>\r\n\t\t<div class=\"w-blog-post-body\">\r\n\t\t\t<h2 class=\"w-blog-post-title\"style=\"font-size: 15px\">\r\n\t\t\t\t<a class=\"entry-title\" rel=\"bookmark\" href=\"https:\/\/arkastrio.com\/en\/arkas-trio-yeni-yil-konserlerinde\/\">Arkas Trio Yeni Y\u0131l Konserlerinde&#8230;<\/a>\r\n\t\t\t<\/h2>\r\n\t\t\t<div class=\"w-blog-post-meta hidden\">\r\n\t\t\t\t<time class=\"w-blog-post-meta-date date updated hidden\">18 Aral\u0131k 2019<\/time><span class=\"w-blog-post-meta-author vcard author hidden\"><a href=\"https:\/\/arkastrio.com\/en\/author\/admin\/\" class=\"fn\">admin<\/a><\/span>\t\t\t<\/div>\r\n\t\t<\/div>\r\n\t<\/div>\r\n<\/article>\r\n\r\n\r\n\r\n<article class=\"w-blog-post genel post-6656 post type-post status-publish format-standard has-post-thumbnail hentry category-genel\" data-id=\"6656\" data-categories=\"genel\">\r\n\t<div class=\"w-blog-post-h\">\r\n\t\t<a href=\"https:\/\/arkastrio.com\/en\/santa-maria-konserleri-her-yil-daha-da-coskulu-2\/\">\r\n\t\t\t<div class=\"w-blog-post-preview\">\r\n\t\t\t\t<img width=\"350\" height=\"350\" src=\"https:\/\/arkastrio.com\/en\/wp-content\/uploads\/2022\/01\/ARK_1743-350x350.jpg\" class=\"attachment-tnail-1x1-small size-tnail-1x1-small wp-post-image\" alt=\"\" loading=\"lazy\" srcset=\"https:\/\/arkastrio.com\/en\/wp-content\/uploads\/2022\/01\/ARK_1743-350x350.jpg 350w, https:\/\/arkastrio.com\/en\/wp-content\/uploads\/2022\/01\/ARK_1743-150x150.jpg 150w, https:\/\/arkastrio.com\/en\/wp-content\/uploads\/2022\/01\/ARK_1743-600x600.jpg 600w\" sizes=\"(max-width: 350px) 100vw, 350px\" \/>\t\t\t\t<span class=\"w-blog-post-preview-icon\"><\/span>\r\n\t\t\t<\/div>\r\n\t\t<\/a>\r\n\t\t<div class=\"w-blog-post-body\">\r\n\t\t\t<h2 class=\"w-blog-post-title\"style=\"font-size: 15px\">\r\n\t\t\t\t<a class=\"entry-title\" rel=\"bookmark\" href=\"https:\/\/arkastrio.com\/en\/santa-maria-konserleri-her-yil-daha-da-coskulu-2\/\">Santa Maria Konserleri her y\u0131l daha da co\u015fkulu<\/a>\r\n\t\t\t<\/h2>\r\n\t\t\t<div class=\"w-blog-post-meta hidden\">\r\n\t\t\t\t<time class=\"w-blog-post-meta-date date updated hidden\">10 May\u0131s 2018<\/time><span class=\"w-blog-post-meta-author vcard author hidden\"><a href=\"https:\/\/arkastrio.com\/en\/author\/admin\/\" class=\"fn\">admin<\/a><\/span>\t\t\t<\/div>\r\n\t\t<\/div>\r\n\t<\/div>\r\n<\/article>\r\n\r\n<\/div><\/div><\/div><\/div><\/div><\/section><section class=\"l-section wpb_row height_medium\"><div class=\"l-section-h i-cf\"><div class=\"g-cols offset_small\"><div class=\" full-width\"><div class=\"wpb_text_column \"><div class=\"wpb_wrapper\">\n<p style=\"text-align: center;\"><strong>SOSYAL MEDYADA B\u0130Z<\/strong><\/p>\n<\/div> <\/div> <div class=\"w-socials align_center style_desaturated index_1\" style=\"font-size: 20px;\"><div class=\"w-socials-list\"><div class=\"w-socials-item facebook\">\r\n\t\t\t\t<a class=\"w-socials-item-link\" target=\"_blank\" href=\"https:\/\/www.facebook.com\/arkastrio\/\">\r\n\t\t\t\t\t<span class=\"w-socials-item-link-hover\"><\/span>\r\n\t\t\t\t<\/a>\r\n\t\t\t\t<div class=\"w-socials-item-popup\">\r\n\t\t\t\t\t<span>Facebook<\/span>\r\n\t\t\t\t<\/div>\r\n\t\t\t<\/div><div class=\"w-socials-item youtube\">\r\n\t\t\t\t<a class=\"w-socials-item-link\" target=\"_blank\" href=\"https:\/\/www.youtube.com\/channel\/UCE20A8SnClpRJ5hxu4MKYQQ\">\r\n\t\t\t\t\t<span class=\"w-socials-item-link-hover\"><\/span>\r\n\t\t\t\t<\/a>\r\n\t\t\t\t<div class=\"w-socials-item-popup\">\r\n\t\t\t\t\t<span>YouTube<\/span>\r\n\t\t\t\t<\/div>\r\n\t\t\t<\/div><\/div><\/div><\/div><\/div><\/div><\/section>\n","protected":false},"excerpt":{"rendered":"Arkas taraf\u0131ndan organize edilen Santa Maria Konserleri 4. y\u0131l\u0131nda da \u0130zmirli klasik m\u00fczikseverleri bulu\u015ftururken s\u00fcrprizleri de beraberinde getirdi. 8-9-10 May\u0131s tarihlerinde ger\u00e7ekle\u015ftirilen konserler, Arkas Trio\u2019nun CD lansman\u0131 heyecan\u0131n\u0131n yan\u0131 s\u0131ra...","protected":false},"author":1,"featured_media":0,"parent":0,"menu_order":0,"comment_status":"closed","ping_status":"closed","template":"","meta":[],"_links":{"self":[{"href":"https:\/\/arkastrio.com\/en\/wp-json\/wp\/v2\/pages\/5939"}],"collection":[{"href":"https:\/\/arkastrio.com\/en\/wp-json\/wp\/v2\/pages"}],"about":[{"href":"https:\/\/arkastrio.com\/en\/wp-json\/wp\/v2\/types\/page"}],"author":[{"embeddable":true,"href":"https:\/\/arkastrio.com\/en\/wp-json\/wp\/v2\/users\/1"}],"replies":[{"embeddable":true,"href":"https:\/\/arkastrio.com\/en\/wp-json\/wp\/v2\/comments?post=5939"}],"version-history":[{"count":45,"href":"https:\/\/arkastrio.com\/en\/wp-json\/wp\/v2\/pages\/5939\/revisions"}],"predecessor-version":[{"id":6644,"href":"https:\/\/arkastrio.com\/en\/wp-json\/wp\/v2\/pages\/5939\/revisions\/6644"}],"wp:attachment":[{"href":"https:\/\/arkastrio.com\/en\/wp-json\/wp\/v2\/media?parent=5939"}],"curies":[{"name":"wp","href":"https:\/\/api.w.org\/{rel}","templated":true}]}}